{"id":15,"date":"2025-10-20T14:22:31","date_gmt":"2025-10-20T14:22:31","guid":{"rendered":"https:\/\/beautiful-beaver.65-21-239-225.plesk.page\/?page_id=15"},"modified":"2025-12-11T10:21:18","modified_gmt":"2025-12-11T10:21:18","slug":"elementor-15","status":"publish","type":"page","link":"https:\/\/beautiful-beaver.65-21-239-225.plesk.page\/","title":{"rendered":"Mit dem richtigen Biss zu einem strahlenden L\u00e4cheln!"},"content":{"rendered":"\t\t<div data-elementor-type=\"wp-page\" data-elementor-id=\"15\" class=\"elementor elementor-15\" data-elementor-post-type=\"page\">\n\t\t\t\t<div class=\"elementor-element elementor-element-545747a e-flex e-con-boxed e-con e-parent\" data-id=\"545747a\" data-element_type=\"container\" data-e-type=\"container\">\n\t\t\t\t\t<div class=\"e-con-inner\">\n\t\t\t\t<div class=\"elementor-element elementor-element-e5dda44 elementor-widget elementor-widget-image\" data-id=\"e5dda44\" data-element_type=\"widget\" data-e-type=\"widget\" data-widget_type=\"image.default\">\n\t\t\t\t\t\t\t\t\t\t\t\t\t\t\t<img fetchpriority=\"high\" decoding=\"async\" width=\"768\" height=\"512\" src=\"https:\/\/beautiful-beaver.65-21-239-225.plesk.page\/wp-content\/uploads\/2025\/12\/DSCF6593-768x512.jpg\" class=\"attachment-medium_large size-medium_large wp-image-35\" alt=\"\" srcset=\"https:\/\/beautiful-beaver.65-21-239-225.plesk.page\/wp-content\/uploads\/2025\/12\/DSCF6593-768x512.jpg 768w, https:\/\/beautiful-beaver.65-21-239-225.plesk.page\/wp-content\/uploads\/2025\/12\/DSCF6593-300x200.jpg 300w, https:\/\/beautiful-beaver.65-21-239-225.plesk.page\/wp-content\/uploads\/2025\/12\/DSCF6593-1024x683.jpg 1024w, https:\/\/beautiful-beaver.65-21-239-225.plesk.page\/wp-content\/uploads\/2025\/12\/DSCF6593-1536x1024.jpg 1536w, https:\/\/beautiful-beaver.65-21-239-225.plesk.page\/wp-content\/uploads\/2025\/12\/DSCF6593-2048x1365.jpg 2048w\" sizes=\"(max-width: 768px) 100vw, 768px\" \/>\t\t\t\t\t\t\t\t\t\t\t\t\t\t\t<\/div>\n\t\t\t\t\t<\/div>\n\t\t\t\t<\/div>\n\t\t<div class=\"elementor-element elementor-element-47cf10e e-flex e-con-boxed e-con e-parent\" data-id=\"47cf10e\" data-element_type=\"container\" data-e-type=\"container\">\n\t\t\t\t\t<div class=\"e-con-inner\">\n\t\t\t\t<div class=\"elementor-element elementor-element-41d292a elementor-widget elementor-widget-heading\" data-id=\"41d292a\" data-element_type=\"widget\" data-e-type=\"widget\" data-widget_type=\"heading.default\">\n\t\t\t\t\t<h2 class=\"elementor-heading-title elementor-size-default\"> Mit dem richtigen Biss zu einem strahlenden L\u00e4cheln! <\/h2>\t\t\t\t<\/div>\n\t\t\t\t<div class=\"elementor-element elementor-element-98878c6 elementor-widget elementor-widget-text-editor\" data-id=\"98878c6\" data-element_type=\"widget\" data-e-type=\"widget\" data-widget_type=\"text-editor.default\">\n\t\t\t\t\t\t\t\t\t<p>Als Fachzahn\u00e4rztin f\u00fcr Kieferorthop\u00e4die sehe ich meine verantwortungsvolle Aufgabe darin, Ihnen oder Ihrem Kind einen guten und satten Biss, verbunden mit einem harmonischen Gesichtsprofil und \u00fcberzeugenden L\u00e4cheln, zu garantieren. Daher setze ich meinen Schwerpunkt auf Kieferorthop\u00e4die und habe mich auf Zahn- und Kieferregulierungen spezialisiert. Eine individuelle Beratung bez\u00fcglich der Notwendigkeit einer Zahnspange und eine f\u00fcr Sie oder Ihr Kind ma\u00dfgeschneiderte kieferorthop\u00e4dische Therapie werden sicher und zahnschonend zu Ihrem gew\u00fcnschten Ziel f\u00fchren.<\/p><p>Sie k\u00f6nnen uns jederzeit \u00fcber unsere Website, per E-Mail oder telefonisch kontaktieren, um einen pers\u00f6nlichen Beratungstermin auszumachen.<\/p><p>Gerne und unverbindlich berate ich Sie und zeige Ihnen M\u00f6glichkeiten auf, den Wunsch <strong>&#8222;mit dem richtigen Biss zu einem strahlenden L\u00e4cheln&#8220;\u00a0<\/strong>zu erf\u00fcllen.<\/p>\t\t\t\t\t\t\t\t<\/div>\n\t\t\t\t\t<\/div>\n\t\t\t\t<\/div>\n\t\t<div class=\"elementor-element elementor-element-fd14b9e e-flex e-con-boxed e-con e-parent\" data-id=\"fd14b9e\" data-element_type=\"container\" data-e-type=\"container\">\n\t\t\t\t\t<div class=\"e-con-inner\">\n\t\t\t\t<div class=\"elementor-element elementor-element-77d4a5e elementor-widget elementor-widget-image\" data-id=\"77d4a5e\" data-element_type=\"widget\" data-e-type=\"widget\" data-widget_type=\"image.default\">\n\t\t\t\t\t\t\t\t\t\t\t\t\t\t\t<img decoding=\"async\" width=\"400\" height=\"92\" src=\"https:\/\/beautiful-beaver.65-21-239-225.plesk.page\/wp-content\/uploads\/2025\/10\/unterschrift.png\" class=\"attachment-large size-large wp-image-17\" alt=\"\" srcset=\"https:\/\/beautiful-beaver.65-21-239-225.plesk.page\/wp-content\/uploads\/2025\/10\/unterschrift.png 400w, https:\/\/beautiful-beaver.65-21-239-225.plesk.page\/wp-content\/uploads\/2025\/10\/unterschrift-300x69.png 300w\" sizes=\"(max-width: 400px) 100vw, 400px\" \/>\t\t\t\t\t\t\t\t\t\t\t\t\t\t\t<\/div>\n\t\t\t\t\t<\/div>\n\t\t\t\t<\/div>\n\t\t<div class=\"elementor-element elementor-element-136ed4f e-flex e-con-boxed e-con e-parent\" data-id=\"136ed4f\" data-element_type=\"container\" data-e-type=\"container\">\n\t\t\t\t\t<div class=\"e-con-inner\">\n\t\t\t\t<div class=\"elementor-element elementor-element-dffec79 elementor-align-center elementor-widget elementor-widget-button\" data-id=\"dffec79\" data-element_type=\"widget\" data-e-type=\"widget\" data-widget_type=\"button.default\">\n\t\t\t\t\t\t\t\t\t\t<a class=\"elementor-button elementor-button-link elementor-size-sm\" href=\"https:\/\/beautiful-beaver.65-21-239-225.plesk.page\/index.php\/kontakt\/\">\n\t\t\t\t\t\t<span class=\"elementor-button-content-wrapper\">\n\t\t\t\t\t\t\t\t\t<span class=\"elementor-button-text\">Kontakt<\/span>\n\t\t\t\t\t<\/span>\n\t\t\t\t\t<\/a>\n\t\t\t\t\t\t\t\t<\/div>\n\t\t\t\t\t<\/div>\n\t\t\t\t<\/div>\n\t\t\t\t<\/div>\n\t\t","protected":false},"excerpt":{"rendered":"<p>Mit dem richtigen Biss zu einem strahlenden L\u00e4cheln! Als Fachzahn\u00e4rztin f\u00fcr Kieferorthop\u00e4die sehe ich meine verantwortungsvolle Aufgabe darin, Ihnen oder Ihrem Kind einen guten und&#8230;<\/p>\n<div class=\"more-link-wrapper\"><a class=\"more-link\" href=\"https:\/\/beautiful-beaver.65-21-239-225.plesk.page\/\">Weiterlesen<span class=\"screen-reader-text\">Mit dem richtigen Biss zu einem strahlenden L\u00e4cheln!<\/span><\/a><\/div>\n","protected":false},"author":2,"featured_media":0,"parent":0,"menu_order":0,"comment_status":"closed","ping_status":"closed","template":"","meta":{"iawp_total_views":0,"footnotes":""},"class_list":["post-15","page","type-page","status-publish","hentry","entry"],"_links":{"self":[{"href":"https:\/\/beautiful-beaver.65-21-239-225.plesk.page\/index.php\/wp-json\/wp\/v2\/pages\/15","targetHints":{"allow":["GET"]}}],"collection":[{"href":"https:\/\/beautiful-beaver.65-21-239-225.plesk.page\/index.php\/wp-json\/wp\/v2\/pages"}],"about":[{"href":"https:\/\/beautiful-beaver.65-21-239-225.plesk.page\/index.php\/wp-json\/wp\/v2\/types\/page"}],"author":[{"embeddable":true,"href":"https:\/\/beautiful-beaver.65-21-239-225.plesk.page\/index.php\/wp-json\/wp\/v2\/users\/2"}],"replies":[{"embeddable":true,"href":"https:\/\/beautiful-beaver.65-21-239-225.plesk.page\/index.php\/wp-json\/wp\/v2\/comments?post=15"}],"version-history":[{"count":2,"href":"https:\/\/beautiful-beaver.65-21-239-225.plesk.page\/index.php\/wp-json\/wp\/v2\/pages\/15\/revisions"}],"predecessor-version":[{"id":105,"href":"https:\/\/beautiful-beaver.65-21-239-225.plesk.page\/index.php\/wp-json\/wp\/v2\/pages\/15\/revisions\/105"}],"wp:attachment":[{"href":"https:\/\/beautiful-beaver.65-21-239-225.plesk.page\/index.php\/wp-json\/wp\/v2\/media?parent=15"}],"curies":[{"name":"wp","href":"https:\/\/api.w.org\/{rel}","templated":true}]}}