{"id":56,"date":"2025-12-11T09:30:33","date_gmt":"2025-12-11T09:30:33","guid":{"rendered":"https:\/\/beautiful-beaver.65-21-239-225.plesk.page\/?page_id=56"},"modified":"2025-12-11T09:35:51","modified_gmt":"2025-12-11T09:35:51","slug":"unser-team","status":"publish","type":"page","link":"https:\/\/beautiful-beaver.65-21-239-225.plesk.page\/index.php\/unser-team\/","title":{"rendered":"Unser Team"},"content":{"rendered":"\t\t<div data-elementor-type=\"wp-page\" data-elementor-id=\"56\" class=\"elementor elementor-56\" data-elementor-post-type=\"page\">\n\t\t\t\t<div class=\"elementor-element elementor-element-77ae113 e-flex e-con-boxed e-con e-parent\" data-id=\"77ae113\" data-element_type=\"container\" data-e-type=\"container\">\n\t\t\t\t\t<div class=\"e-con-inner\">\n\t\t<div class=\"elementor-element elementor-element-14f00f9 e-con-full e-flex e-con e-child\" data-id=\"14f00f9\" data-element_type=\"container\" data-e-type=\"container\">\n\t\t\t\t<div class=\"elementor-element elementor-element-df6b351 elementor-widget elementor-widget-image\" data-id=\"df6b351\" data-element_type=\"widget\" data-e-type=\"widget\" data-widget_type=\"image.default\">\n\t\t\t\t\t\t\t\t\t\t\t\t\t\t\t<img fetchpriority=\"high\" decoding=\"async\" width=\"683\" height=\"1024\" src=\"https:\/\/beautiful-beaver.65-21-239-225.plesk.page\/wp-content\/uploads\/2025\/12\/DSCF6500-683x1024.jpg\" class=\"attachment-large size-large wp-image-31\" alt=\"\" srcset=\"https:\/\/beautiful-beaver.65-21-239-225.plesk.page\/wp-content\/uploads\/2025\/12\/DSCF6500-683x1024.jpg 683w, https:\/\/beautiful-beaver.65-21-239-225.plesk.page\/wp-content\/uploads\/2025\/12\/DSCF6500-200x300.jpg 200w, https:\/\/beautiful-beaver.65-21-239-225.plesk.page\/wp-content\/uploads\/2025\/12\/DSCF6500-768x1152.jpg 768w, https:\/\/beautiful-beaver.65-21-239-225.plesk.page\/wp-content\/uploads\/2025\/12\/DSCF6500-1024x1536.jpg 1024w, https:\/\/beautiful-beaver.65-21-239-225.plesk.page\/wp-content\/uploads\/2025\/12\/DSCF6500-1365x2048.jpg 1365w, https:\/\/beautiful-beaver.65-21-239-225.plesk.page\/wp-content\/uploads\/2025\/12\/DSCF6500-scaled.jpg 1707w\" sizes=\"(max-width: 683px) 100vw, 683px\" \/>\t\t\t\t\t\t\t\t\t\t\t\t\t\t\t<\/div>\n\t\t\t\t<\/div>\n\t\t<div class=\"elementor-element elementor-element-3e24c22 e-con-full e-flex e-con e-child\" data-id=\"3e24c22\" data-element_type=\"container\" data-e-type=\"container\">\n\t\t<div class=\"elementor-element elementor-element-d6c92a6 e-con-full e-flex e-con e-child\" data-id=\"d6c92a6\" data-element_type=\"container\" data-e-type=\"container\">\n\t\t\t\t<div class=\"elementor-element elementor-element-46d9062 elementor-widget elementor-widget-heading\" data-id=\"46d9062\" data-element_type=\"widget\" data-e-type=\"widget\" data-widget_type=\"heading.default\">\n\t\t\t\t\t<h2 class=\"elementor-heading-title elementor-size-default\"> Dr. Claudia Pernegger, MSc, Fachzahn\u00e4rztin f\u00fcr Kieferorthop\u00e4die <\/h2>\t\t\t\t<\/div>\n\t\t\t\t<\/div>\n\t\t<div class=\"elementor-element elementor-element-6b23a5b e-con-full e-flex e-con e-child\" data-id=\"6b23a5b\" data-element_type=\"container\" data-e-type=\"container\">\n\t\t\t\t<div class=\"elementor-element elementor-element-641d1c9 elementor-widget elementor-widget-text-editor\" data-id=\"641d1c9\" data-element_type=\"widget\" data-e-type=\"widget\" data-widget_type=\"text-editor.default\">\n\t\t\t\t\t\t\t\t\t<p>Auf die Frage &#8222;Du wolltest bestimmt schon immer Kieferorthop\u00e4din (KFO) werden?&#8220; muss ich ehrlicherweise mit einem klaren NEIN antworten. Der Weg dahin war eine Reise, die mit meinem bis heute bestehendem gro\u00dfem Interesse am Menschen begann.<\/p><p>Noch w\u00e4hrend meiner Zeit auf der Zahnklinik im Rahmen der Ausbildung d\u00fcrfte ich in einer renommierten Ordination KFO Luft schnuppern, was meinen weiteren Weg ebnete.<\/p><p>Ich hatte das gro\u00dfe Gl\u00fcck bei dem Erfinder der &#8222;straight wire appliance&#8220;, der festsitzenden Zahnspange so wie wir sie kennen, in San Diego zu lernen. Bei ihm lernte ich &#8211; neben der von ihm entwickelten und weltweit unterrichteten &#8222;six elements philosophy&#8220; &#8211; den Menschen in seiner Komplexit\u00e4t in den Mittelpunkt zu stellen und gleicherma\u00dfen eine Struktur in der Behandlungsplanung zu bewahren. Dr. LFA Andrews legte den Grundstein in meinem kieferorthop\u00e4dischen Verst\u00e4ndnis, wof\u00fcr ich bis heute unendlich dankbar bin.<\/p><p>Zur\u00fcck in \u00d6sterreich folgten viele unterschiedliche Einblicke in die unterschiedlichsten KFO Mechaniken wie abnehmbare Apparaturen, festsitzende Multibracketapparatur, durchsichtige Kunststoffschienen\/Alignertherapie, Lingualtechnik uvam. Dass \u00c4sthetik und Profil nach abgeschlossener KFO Behandlung mindestens genauso wichtig wie ein satter und gesunder Biss sind besch\u00e4ftigte mich in einer mehrj\u00e4hrigen Ausbildung w\u00e4hrend meiner Zeit auf der Kieferchirurgie in Linz. Manche Fehlstellungen sind nur in Kombination mit einer kieferchirurgischen Therapie zu l\u00f6sen. Die nahe interdisziplin\u00e4re Zusammenarbeit mit der Chirurgie gestattet die bestm\u00f6gliche Betreuung des Patienten.<\/p><p>Nach kleinen Zwischenstationen habe ich mich zusammen mit meiner lieben Assistentin Frau Michaela Birklbauer, die von der Geburtsstunde der Ordination an mit dabei war, und meiner Teamfamile in der Hauptstrasse Linz mit der eigenen zertifizierten Wahlarztordination niedergelassen. Das abgeschlossene Masterstudium und die Pr\u00fcfung zum Fachzahnarzt f\u00fcr Kieferorthop\u00e4die sind weitere &#8222;Abzeichen&#8220; f\u00fcr die Begeisterung und die Faszination, die mir mein Beruf bereiten: die Verbindung einer handwerklichen Fertigkeit und einer analytischen Herausforderung, die sich bei jedem Patienten entsprechend neu gestaltet. Allem voran jedoch der t\u00e4gliche Umgang mit MENSCHEN, von jung bis alt, um sie alle auf ihrem jeweiligen &#8222;Weg zu einem strahlenden L\u00e4cheln&#8220; zu begleiten.<\/p>\t\t\t\t\t\t\t\t<\/div>\n\t\t\t\t<\/div>\n\t\t\t\t<\/div>\n\t\t\t\t\t<\/div>\n\t\t\t\t<\/div>\n\t\t<div class=\"elementor-element elementor-element-3b70e68 e-flex e-con-boxed e-con e-parent\" data-id=\"3b70e68\" data-element_type=\"container\" data-e-type=\"container\">\n\t\t\t\t\t<div class=\"e-con-inner\">\n\t\t\t\t<div class=\"elementor-element elementor-element-3ac39e4 elementor-widget elementor-widget-heading\" data-id=\"3ac39e4\" data-element_type=\"widget\" data-e-type=\"widget\" data-widget_type=\"heading.default\">\n\t\t\t\t\t<h2 class=\"elementor-heading-title elementor-size-default\">Die Mitarbeiterinnen<\/h2>\t\t\t\t<\/div>\n\t\t\t\t\t<\/div>\n\t\t\t\t<\/div>\n\t\t<div class=\"elementor-element elementor-element-666850e e-flex e-con-boxed e-con e-parent\" data-id=\"666850e\" data-element_type=\"container\" data-e-type=\"container\">\n\t\t\t\t\t<div class=\"e-con-inner\">\n\t\t<div class=\"elementor-element elementor-element-07875a3 e-con-full e-flex e-con e-child\" data-id=\"07875a3\" data-element_type=\"container\" data-e-type=\"container\">\n\t\t\t\t<div class=\"elementor-element elementor-element-769a10d elementor-widget elementor-widget-image\" data-id=\"769a10d\" data-element_type=\"widget\" data-e-type=\"widget\" data-widget_type=\"image.default\">\n\t\t\t\t\t\t\t\t\t\t\t\t<figure class=\"wp-caption\">\n\t\t\t\t\t\t\t\t\t\t<img decoding=\"async\" width=\"1024\" height=\"1024\" src=\"https:\/\/beautiful-beaver.65-21-239-225.plesk.page\/wp-content\/uploads\/2025\/12\/DSCF6719sq-1024x1024.jpg\" class=\"attachment-large size-large wp-image-45\" alt=\"\" srcset=\"https:\/\/beautiful-beaver.65-21-239-225.plesk.page\/wp-content\/uploads\/2025\/12\/DSCF6719sq-1024x1024.jpg 1024w, https:\/\/beautiful-beaver.65-21-239-225.plesk.page\/wp-content\/uploads\/2025\/12\/DSCF6719sq-300x300.jpg 300w, https:\/\/beautiful-beaver.65-21-239-225.plesk.page\/wp-content\/uploads\/2025\/12\/DSCF6719sq-150x150.jpg 150w, https:\/\/beautiful-beaver.65-21-239-225.plesk.page\/wp-content\/uploads\/2025\/12\/DSCF6719sq-768x768.jpg 768w, https:\/\/beautiful-beaver.65-21-239-225.plesk.page\/wp-content\/uploads\/2025\/12\/DSCF6719sq-1536x1536.jpg 1536w, https:\/\/beautiful-beaver.65-21-239-225.plesk.page\/wp-content\/uploads\/2025\/12\/DSCF6719sq-2048x2048.jpg 2048w\" sizes=\"(max-width: 1024px) 100vw, 1024px\" \/>\t\t\t\t\t\t\t\t\t\t\t<figcaption class=\"widget-image-caption wp-caption-text\">Michaela<\/figcaption>\n\t\t\t\t\t\t\t\t\t\t<\/figure>\n\t\t\t\t\t\t\t\t\t<\/div>\n\t\t\t\t<div class=\"elementor-element elementor-element-3045c97 elementor-widget elementor-widget-text-editor\" data-id=\"3045c97\" data-element_type=\"widget\" data-e-type=\"widget\" data-widget_type=\"text-editor.default\">\n\t\t\t\t\t\t\t\t\t<div class=\"teaser-boxes-item-text\"><p>Hallo, ich hei\u00dfe Michaela!<\/p><p>Ich freue mich dar\u00fcber seit der Geburtsstunde der Ordination Dr. Claudia Pernegger mit dabei zu sein und darauf weiterhin viele strahlende Gesichter l\u00e4cheln zu sehen. Gerne vereinbare ich mit Ihnen den f\u00fcr Sie passenden Termin!<\/p><\/div>\t\t\t\t\t\t\t\t<\/div>\n\t\t\t\t<\/div>\n\t\t<div class=\"elementor-element elementor-element-112c210 e-con-full e-flex e-con e-child\" data-id=\"112c210\" data-element_type=\"container\" data-e-type=\"container\">\n\t\t\t\t<div class=\"elementor-element elementor-element-fc660d0 elementor-widget elementor-widget-image\" data-id=\"fc660d0\" data-element_type=\"widget\" data-e-type=\"widget\" data-widget_type=\"image.default\">\n\t\t\t\t\t\t\t\t\t\t\t\t<figure class=\"wp-caption\">\n\t\t\t\t\t\t\t\t\t\t<img decoding=\"async\" width=\"1024\" height=\"1024\" src=\"https:\/\/beautiful-beaver.65-21-239-225.plesk.page\/wp-content\/uploads\/2025\/12\/DSCF6659sq-1024x1024.jpg\" class=\"attachment-large size-large wp-image-37\" alt=\"\" srcset=\"https:\/\/beautiful-beaver.65-21-239-225.plesk.page\/wp-content\/uploads\/2025\/12\/DSCF6659sq-1024x1024.jpg 1024w, https:\/\/beautiful-beaver.65-21-239-225.plesk.page\/wp-content\/uploads\/2025\/12\/DSCF6659sq-300x300.jpg 300w, https:\/\/beautiful-beaver.65-21-239-225.plesk.page\/wp-content\/uploads\/2025\/12\/DSCF6659sq-150x150.jpg 150w, https:\/\/beautiful-beaver.65-21-239-225.plesk.page\/wp-content\/uploads\/2025\/12\/DSCF6659sq-768x768.jpg 768w, https:\/\/beautiful-beaver.65-21-239-225.plesk.page\/wp-content\/uploads\/2025\/12\/DSCF6659sq-1536x1536.jpg 1536w, https:\/\/beautiful-beaver.65-21-239-225.plesk.page\/wp-content\/uploads\/2025\/12\/DSCF6659sq-2048x2048.jpg 2048w\" sizes=\"(max-width: 1024px) 100vw, 1024px\" \/>\t\t\t\t\t\t\t\t\t\t\t<figcaption class=\"widget-image-caption wp-caption-text\">Melanie<\/figcaption>\n\t\t\t\t\t\t\t\t\t\t<\/figure>\n\t\t\t\t\t\t\t\t\t<\/div>\n\t\t\t\t<div class=\"elementor-element elementor-element-09482ca elementor-widget elementor-widget-text-editor\" data-id=\"09482ca\" data-element_type=\"widget\" data-e-type=\"widget\" data-widget_type=\"text-editor.default\">\n\t\t\t\t\t\t\t\t\t<div class=\"teaser-boxes-item-text\"><div class=\"teaser-boxes-item-text\"><div class=\"gmail_default\">Hallo, ich hei\u00dfe Melanie!<\/div><div class=\"gmail_default\">\u00a0<\/div><div class=\"gmail_default\">Seit mehreren Jahren darf ich Patienten mit zu einem strahlendem L\u00e4cheln verhelfen und sie auf dieser Reise immer wieder neu motivieren. Es ist sch\u00f6n den Anfang und das Ende einer kieferorthop\u00e4dischen Behandlung mitzuerleben.<\/div><\/div><\/div>\t\t\t\t\t\t\t\t<\/div>\n\t\t\t\t<\/div>\n\t\t<div class=\"elementor-element elementor-element-2c1b521 e-con-full e-flex e-con e-child\" data-id=\"2c1b521\" data-element_type=\"container\" data-e-type=\"container\">\n\t\t\t\t<div class=\"elementor-element elementor-element-b32342c elementor-widget elementor-widget-image\" data-id=\"b32342c\" data-element_type=\"widget\" data-e-type=\"widget\" data-widget_type=\"image.default\">\n\t\t\t\t\t\t\t\t\t\t\t\t<figure class=\"wp-caption\">\n\t\t\t\t\t\t\t\t\t\t<img loading=\"lazy\" decoding=\"async\" width=\"1024\" height=\"1024\" src=\"https:\/\/beautiful-beaver.65-21-239-225.plesk.page\/wp-content\/uploads\/2025\/12\/DSCF6688sq-1024x1024.jpg\" class=\"attachment-large size-large wp-image-43\" alt=\"\" srcset=\"https:\/\/beautiful-beaver.65-21-239-225.plesk.page\/wp-content\/uploads\/2025\/12\/DSCF6688sq-1024x1024.jpg 1024w, https:\/\/beautiful-beaver.65-21-239-225.plesk.page\/wp-content\/uploads\/2025\/12\/DSCF6688sq-300x300.jpg 300w, https:\/\/beautiful-beaver.65-21-239-225.plesk.page\/wp-content\/uploads\/2025\/12\/DSCF6688sq-150x150.jpg 150w, https:\/\/beautiful-beaver.65-21-239-225.plesk.page\/wp-content\/uploads\/2025\/12\/DSCF6688sq-768x768.jpg 768w, https:\/\/beautiful-beaver.65-21-239-225.plesk.page\/wp-content\/uploads\/2025\/12\/DSCF6688sq-1536x1536.jpg 1536w, https:\/\/beautiful-beaver.65-21-239-225.plesk.page\/wp-content\/uploads\/2025\/12\/DSCF6688sq-2048x2048.jpg 2048w\" sizes=\"(max-width: 1024px) 100vw, 1024px\" \/>\t\t\t\t\t\t\t\t\t\t\t<figcaption class=\"widget-image-caption wp-caption-text\">Lara<\/figcaption>\n\t\t\t\t\t\t\t\t\t\t<\/figure>\n\t\t\t\t\t\t\t\t\t<\/div>\n\t\t\t\t<div class=\"elementor-element elementor-element-27c9889 elementor-widget elementor-widget-text-editor\" data-id=\"27c9889\" data-element_type=\"widget\" data-e-type=\"widget\" data-widget_type=\"text-editor.default\">\n\t\t\t\t\t\t\t\t\t<div class=\"teaser-boxes-item-text\"><div class=\"teaser-boxes-item-text\"><p>Hallo, ich hei\u00dfe Lara!<\/p><p>Ich freue mich auf die Herausforderungen, die als Lehrling auf mich warten. Es ist spannend im Team von Dr. Claudia Pernegger kieferorthop\u00e4dische Erfahrung zu sammeln, um so die Patienten auf ihrem Weg mit der Zahnspange gut begleiten zu k\u00f6nnen.<\/p><\/div><\/div>\t\t\t\t\t\t\t\t<\/div>\n\t\t\t\t<\/div>\n\t\t<div class=\"elementor-element elementor-element-7d79fb6 e-con-full e-flex e-con e-child\" data-id=\"7d79fb6\" data-element_type=\"container\" data-e-type=\"container\">\n\t\t\t\t<div class=\"elementor-element elementor-element-c0ec292 elementor-widget elementor-widget-image\" data-id=\"c0ec292\" data-element_type=\"widget\" data-e-type=\"widget\" data-widget_type=\"image.default\">\n\t\t\t\t\t\t\t\t\t\t\t\t\t\t\t<img decoding=\"async\" src=\"https:\/\/beautiful-beaver.65-21-239-225.plesk.page\/wp-content\/plugins\/elementor\/assets\/images\/placeholder.png\" title=\"\" alt=\"\" loading=\"lazy\" \/>\t\t\t\t\t\t\t\t\t\t\t\t\t\t\t<\/div>\n\t\t\t\t<div class=\"elementor-element elementor-element-b17accb elementor-widget elementor-widget-text-editor\" data-id=\"b17accb\" data-element_type=\"widget\" data-e-type=\"widget\" data-widget_type=\"text-editor.default\">\n\t\t\t\t\t\t\t\t\t<div class=\"teaser-boxes-item-text\"><div class=\"teaser-boxes-item-text\"><p>Hallo, ich hei\u00dfe Hava!<\/p><\/div><\/div>\t\t\t\t\t\t\t\t<\/div>\n\t\t\t\t<\/div>\n\t\t\t\t\t<\/div>\n\t\t\t\t<\/div>\n\t\t<div class=\"elementor-element elementor-element-ccd9646 e-flex e-con-boxed e-con e-parent\" data-id=\"ccd9646\" data-element_type=\"container\" data-e-type=\"container\">\n\t\t\t\t\t<div class=\"e-con-inner\">\n\t\t\t\t\t<\/div>\n\t\t\t\t<\/div>\n\t\t\t\t<\/div>\n\t\t","protected":false},"excerpt":{"rendered":"<p>Dr. Claudia Pernegger, MSc, Fachzahn\u00e4rztin f\u00fcr Kieferorthop\u00e4die Auf die Frage &#8222;Du wolltest bestimmt schon immer Kieferorthop\u00e4din (KFO) werden?&#8220; muss ich ehrlicherweise mit einem klaren NEIN&#8230;<\/p>\n<div class=\"more-link-wrapper\"><a class=\"more-link\" href=\"https:\/\/beautiful-beaver.65-21-239-225.plesk.page\/index.php\/unser-team\/\">Weiterlesen<span class=\"screen-reader-text\">Unser Team<\/span><\/a><\/div>\n","protected":false},"author":2,"featured_media":0,"parent":0,"menu_order":0,"comment_status":"closed","ping_status":"closed","template":"","meta":{"iawp_total_views":0,"footnotes":""},"class_list":["post-56","page","type-page","status-publish","hentry","entry"],"_links":{"self":[{"href":"https:\/\/beautiful-beaver.65-21-239-225.plesk.page\/index.php\/wp-json\/wp\/v2\/pages\/56","targetHints":{"allow":["GET"]}}],"collection":[{"href":"https:\/\/beautiful-beaver.65-21-239-225.plesk.page\/index.php\/wp-json\/wp\/v2\/pages"}],"about":[{"href":"https:\/\/beautiful-beaver.65-21-239-225.plesk.page\/index.php\/wp-json\/wp\/v2\/types\/page"}],"author":[{"embeddable":true,"href":"https:\/\/beautiful-beaver.65-21-239-225.plesk.page\/index.php\/wp-json\/wp\/v2\/users\/2"}],"replies":[{"embeddable":true,"href":"https:\/\/beautiful-beaver.65-21-239-225.plesk.page\/index.php\/wp-json\/wp\/v2\/comments?post=56"}],"version-history":[{"count":2,"href":"https:\/\/beautiful-beaver.65-21-239-225.plesk.page\/index.php\/wp-json\/wp\/v2\/pages\/56\/revisions"}],"predecessor-version":[{"id":63,"href":"https:\/\/beautiful-beaver.65-21-239-225.plesk.page\/index.php\/wp-json\/wp\/v2\/pages\/56\/revisions\/63"}],"wp:attachment":[{"href":"https:\/\/beautiful-beaver.65-21-239-225.plesk.page\/index.php\/wp-json\/wp\/v2\/media?parent=56"}],"curies":[{"name":"wp","href":"https:\/\/api.w.org\/{rel}","templated":true}]}}