{"id":64,"date":"2025-12-11T09:36:45","date_gmt":"2025-12-11T09:36:45","guid":{"rendered":"https:\/\/beautiful-beaver.65-21-239-225.plesk.page\/?page_id=64"},"modified":"2025-12-11T09:47:37","modified_gmt":"2025-12-11T09:47:37","slug":"kontakt","status":"publish","type":"page","link":"https:\/\/beautiful-beaver.65-21-239-225.plesk.page\/index.php\/kontakt\/","title":{"rendered":"Kontakt"},"content":{"rendered":"\t\t<div data-elementor-type=\"wp-page\" data-elementor-id=\"64\" class=\"elementor elementor-64\" data-elementor-post-type=\"page\">\n\t\t\t\t<div class=\"elementor-element elementor-element-554c606 e-flex e-con-boxed e-con e-parent\" data-id=\"554c606\" data-element_type=\"container\" data-e-type=\"container\">\n\t\t\t\t\t<div class=\"e-con-inner\">\n\t\t<div class=\"elementor-element elementor-element-27da98d e-con-full e-flex e-con e-child\" data-id=\"27da98d\" data-element_type=\"container\" data-e-type=\"container\">\n\t\t\t\t<div class=\"elementor-element elementor-element-d89588c elementor-widget elementor-widget-google_maps\" data-id=\"d89588c\" data-element_type=\"widget\" data-e-type=\"widget\" data-widget_type=\"google_maps.default\">\n\t\t\t\t\t\t\t<div class=\"elementor-custom-embed\">\n\t\t\t<iframe loading=\"lazy\"\n\t\t\t\t\tsrc=\"https:\/\/maps.google.com\/maps?q=Dr.%20Claudia%20Pernegger%2C%20MSc%20%20%20Praxis%20f%C3%BCr%20Zahn-%20%26%20Kieferregulierung%20%20Hauptstra%C3%9Fe%2028%20%20%20A-4040%20Linz&#038;t=m&#038;z=10&#038;output=embed&#038;iwloc=near\"\n\t\t\t\t\ttitle=\"Dr. Claudia Pernegger, MSc   Praxis f\u00fcr Zahn- &amp; Kieferregulierung  Hauptstra\u00dfe 28   A-4040 Linz\"\n\t\t\t\t\taria-label=\"Dr. Claudia Pernegger, MSc   Praxis f\u00fcr Zahn- &amp; Kieferregulierung  Hauptstra\u00dfe 28   A-4040 Linz\"\n\t\t\t><\/iframe>\n\t\t<\/div>\n\t\t\t\t\t\t<\/div>\n\t\t\t\t<\/div>\n\t\t<div class=\"elementor-element elementor-element-8e3c89d e-con-full e-flex e-con e-child\" data-id=\"8e3c89d\" data-element_type=\"container\" data-e-type=\"container\">\n\t\t\t\t<div class=\"elementor-element elementor-element-763e4b3 elementor-widget elementor-widget-text-editor\" data-id=\"763e4b3\" data-element_type=\"widget\" data-e-type=\"widget\" data-widget_type=\"text-editor.default\">\n\t\t\t\t\t\t\t\t\t<h4><strong>Dr. Claudia Pernegger, MSc\u00a0 &#8211;\u00a0<\/strong><strong>Wahl\u00e4rztin f\u00fcr Kieferorthop\u00e4die<\/strong><\/h4><p>Praxis f\u00fcr Zahn- &amp; Kieferregulierung<br \/>Hauptstra\u00dfe 28\u00a0<br \/>A-4040 Linz<\/p><div>Tel: <strong><a href=\"tel:+43732220994\">+43 732 220 994<\/a><\/strong><\/div><div>Email:\u00a0<strong><a class=\"email\" href=\"mailto:praxis@dr-pernegger.at\" target=\"_blank\" rel=\"noopener\">praxis@dr-pernegger.at<\/a><\/strong><\/div>\t\t\t\t\t\t\t\t<\/div>\n\t\t\t\t<\/div>\n\t\t\t\t\t<\/div>\n\t\t\t\t<\/div>\n\t\t<div class=\"elementor-element elementor-element-0b658fc e-flex e-con-boxed e-con e-parent\" data-id=\"0b658fc\" data-element_type=\"container\" data-e-type=\"container\">\n\t\t\t\t\t<div class=\"e-con-inner\">\n\t\t\t\t<div class=\"elementor-element elementor-element-f7e0fb9 elementor-widget elementor-widget-heading\" data-id=\"f7e0fb9\" data-element_type=\"widget\" data-e-type=\"widget\" data-widget_type=\"heading.default\">\n\t\t\t\t\t<h2 class=\"elementor-heading-title elementor-size-default\">Terminvereinbarungen und \u00d6ffnungszeiten<\/h2>\t\t\t\t<\/div>\n\t\t\t\t\t<\/div>\n\t\t\t\t<\/div>\n\t\t<div class=\"elementor-element elementor-element-75cca11 e-flex e-con-boxed e-con e-parent\" data-id=\"75cca11\" data-element_type=\"container\" data-e-type=\"container\">\n\t\t\t\t\t<div class=\"e-con-inner\">\n\t\t\t\t<div class=\"elementor-element elementor-element-f6fb849 elementor-widget elementor-widget-text-editor\" data-id=\"f6fb849\" data-element_type=\"widget\" data-e-type=\"widget\" data-widget_type=\"text-editor.default\">\n\t\t\t\t\t\t\t\t\t<p>F\u00fcr Fragen zur <strong>Kieferorthop\u00e4die <\/strong>oder <strong>Zahnspangen<\/strong> haben, steht Ihnen Frau Dr. Claudia Pernegger gerne pers\u00f6nlich zur Verf\u00fcgung.<\/p><p>Terminvereinbungen<\/p><ul><li>telefonisch unter <strong><a href=\"tel:+43732220994\">+43 732 220 994<\/a><\/strong><\/li><li>oder per E-Mail <strong><a class=\"email\" href=\"mailto:praxis@dr-pernegger.at\">praxis@dr-pernegger.at<\/a><\/strong><\/li><\/ul><p>\u00a0<\/p><p>Telefonzeiten<\/p><ul><li>Mo: 11-17 Uhr<\/li><li>Di, Do: 10-16 Uhr<\/li><li>Fr: 10-14 Uhr<\/li><\/ul><p>\u00a0<\/p><p>Unsere Praxis liegt<\/p><ul><li>an den Stra\u00dfenbahnlinien 1, 2, 3 und 4<br \/>Haltestelle (Stra\u00dfenbahn 3 und 4): <strong>Biegung<\/strong><br \/>Haltestelle (Stra\u00dfenbahn 1 und 2): <strong>Rudolfstra\u00dfe<\/strong><\/li><li>an den Bushaltestellen 33, 33a, 38 und 102<br \/>Haltestelle: <strong>Biegung<\/strong><\/li><li>in unmittelbarer N\u00e4he (2 min Fu\u00dfweg) zum Busbahnhof Linz<\/li><li>M\u00f6glichkeiten zum Parken:<br \/>Gratis Parken &#8211; Lentia City (bis zu 2 Stunden) &#8211;\u00a01 min. Fu\u00dfweg<br \/>Urfahrmarkt Gel\u00e4nde &#8211; ca 5 min. Fu\u00dfweg<\/li><\/ul>\t\t\t\t\t\t\t\t<\/div>\n\t\t\t\t\t<\/div>\n\t\t\t\t<\/div>\n\t\t\t\t<\/div>\n\t\t","protected":false},"excerpt":{"rendered":"<p>Dr. Claudia Pernegger, MSc\u00a0 &#8211;\u00a0Wahl\u00e4rztin f\u00fcr Kieferorthop\u00e4die Praxis f\u00fcr Zahn- &amp; KieferregulierungHauptstra\u00dfe 28\u00a0A-4040 Linz Tel: +43 732 220 994Email:\u00a0praxis@dr-pernegger.at Terminvereinbarungen und \u00d6ffnungszeiten F\u00fcr Fragen zur&#8230;<\/p>\n<div class=\"more-link-wrapper\"><a class=\"more-link\" href=\"https:\/\/beautiful-beaver.65-21-239-225.plesk.page\/index.php\/kontakt\/\">Weiterlesen<span class=\"screen-reader-text\">Kontakt<\/span><\/a><\/div>\n","protected":false},"author":2,"featured_media":0,"parent":0,"menu_order":0,"comment_status":"closed","ping_status":"closed","template":"","meta":{"iawp_total_views":0,"footnotes":""},"class_list":["post-64","page","type-page","status-publish","hentry","entry"],"_links":{"self":[{"href":"https:\/\/beautiful-beaver.65-21-239-225.plesk.page\/index.php\/wp-json\/wp\/v2\/pages\/64","targetHints":{"allow":["GET"]}}],"collection":[{"href":"https:\/\/beautiful-beaver.65-21-239-225.plesk.page\/index.php\/wp-json\/wp\/v2\/pages"}],"about":[{"href":"https:\/\/beautiful-beaver.65-21-239-225.plesk.page\/index.php\/wp-json\/wp\/v2\/types\/page"}],"author":[{"embeddable":true,"href":"https:\/\/beautiful-beaver.65-21-239-225.plesk.page\/index.php\/wp-json\/wp\/v2\/users\/2"}],"replies":[{"embeddable":true,"href":"https:\/\/beautiful-beaver.65-21-239-225.plesk.page\/index.php\/wp-json\/wp\/v2\/comments?post=64"}],"version-history":[{"count":2,"href":"https:\/\/beautiful-beaver.65-21-239-225.plesk.page\/index.php\/wp-json\/wp\/v2\/pages\/64\/revisions"}],"predecessor-version":[{"id":75,"href":"https:\/\/beautiful-beaver.65-21-239-225.plesk.page\/index.php\/wp-json\/wp\/v2\/pages\/64\/revisions\/75"}],"wp:attachment":[{"href":"https:\/\/beautiful-beaver.65-21-239-225.plesk.page\/index.php\/wp-json\/wp\/v2\/media?parent=64"}],"curies":[{"name":"wp","href":"https:\/\/api.w.org\/{rel}","templated":true}]}}