{"id":76,"date":"2025-12-11T09:48:18","date_gmt":"2025-12-11T09:48:18","guid":{"rendered":"https:\/\/beautiful-beaver.65-21-239-225.plesk.page\/?page_id=76"},"modified":"2025-12-11T09:57:13","modified_gmt":"2025-12-11T09:57:13","slug":"behandlungsablauf","status":"publish","type":"page","link":"https:\/\/beautiful-beaver.65-21-239-225.plesk.page\/index.php\/behandlungsablauf\/","title":{"rendered":"Behandlungsablauf"},"content":{"rendered":"\t\t<div data-elementor-type=\"wp-page\" data-elementor-id=\"76\" class=\"elementor elementor-76\" data-elementor-post-type=\"page\">\n\t\t\t\t<div class=\"elementor-element elementor-element-7511e9f e-flex e-con-boxed e-con e-parent\" data-id=\"7511e9f\" data-element_type=\"container\" data-e-type=\"container\">\n\t\t\t\t\t<div class=\"e-con-inner\">\n\t\t\t\t<div class=\"elementor-element elementor-element-c0946c5 elementor-widget elementor-widget-heading\" data-id=\"c0946c5\" data-element_type=\"widget\" data-e-type=\"widget\" data-widget_type=\"heading.default\">\n\t\t\t\t\t<h2 class=\"elementor-heading-title elementor-size-default\">Behandlungsablauf<\/h2>\t\t\t\t<\/div>\n\t\t\t\t<div class=\"elementor-element elementor-element-83d9fa6 elementor-widget elementor-widget-text-editor\" data-id=\"83d9fa6\" data-element_type=\"widget\" data-e-type=\"widget\" data-widget_type=\"text-editor.default\">\n\t\t\t\t\t\t\t\t\t<div class=\"ce_text behandlung-start first block\"><h4>Schritt f\u00fcr Schritt mit dem richtigen Biss zu einem strahlenden L\u00e4cheln.<\/h4><p>Ich sehe meine verantwortungsvolle Aufgabe in der Kieferorthop\u00e4die darin, Ihnen einen guten und satten Biss, verbunden mit einem harmonischen Gesichtsprofil und \u00fcberzeugenden L\u00e4cheln, zu garantieren, der Ihre eigenen Z\u00e4hne &#8211; ohne aber die Zahnsubstanz abzun\u00fctzen &#8211; ein Leben lang gesund im Zahnhalteapparat verankert. Dies gelingt langfristig nur, wenn auch die Funktion des Bisses korrigiert wird, um dadurch das Zahnfleisch, die Kiefergelenke sowie die Zahnsubstanz gesund zu erhalten.<\/p><p>Die einzigartige <strong>&#8222;6 Elements Philosophy of Orofacial Harmony&#8220;<\/strong>, welche ich in der Dr. Andrews Foundation in San Diego, U.S.A, beim Erfinder und Begr\u00fcnder der weltweit verwendeten &#8222;Straight Wire Appliance&#8220; erlernen durfte, vereinigt die eben beschriebenen Ans\u00e4tze.<\/p><p>Mein Ziel ist es, gemeinsam mit Ihnen und Ihrem behandelnden Zahnarzt den f\u00fcr Sie oder Ihre Kinder richtigen Behandlungsweg und -umfang zu finden und Ihnen zu einem strahlenden L\u00e4cheln vereint mit einem funktionellen und satten Biss zu verhelfen.<\/p><\/div>\t\t\t\t\t\t\t\t<\/div>\n\t\t\t\t\t<\/div>\n\t\t\t\t<\/div>\n\t\t<div class=\"elementor-element elementor-element-834f871 e-flex e-con-boxed e-con e-parent\" data-id=\"834f871\" data-element_type=\"container\" data-e-type=\"container\">\n\t\t\t\t\t<div class=\"e-con-inner\">\n\t\t\t\t<div class=\"elementor-element elementor-element-dd3b487 elementor-widget elementor-widget-n-accordion\" data-id=\"dd3b487\" data-element_type=\"widget\" data-e-type=\"widget\" data-settings=\"{&quot;default_state&quot;:&quot;expanded&quot;,&quot;max_items_expended&quot;:&quot;one&quot;,&quot;n_accordion_animation_duration&quot;:{&quot;unit&quot;:&quot;ms&quot;,&quot;size&quot;:400,&quot;sizes&quot;:[]}}\" data-widget_type=\"nested-accordion.default\">\n\t\t\t\t\t\t\t<div class=\"e-n-accordion\" aria-label=\"Accordion. Open links with Enter or Space, close with Escape, and navigate with Arrow Keys\">\n\t\t\t\t\t\t<details id=\"e-n-accordion-item-2310\" class=\"e-n-accordion-item\" open>\n\t\t\t\t<summary class=\"e-n-accordion-item-title\" data-accordion-index=\"1\" tabindex=\"0\" aria-expanded=\"true\" aria-controls=\"e-n-accordion-item-2310\" >\n\t\t\t\t\t<span class='e-n-accordion-item-title-header'><div class=\"e-n-accordion-item-title-text\"> 1. Individuelle Beratung  <\/div><\/span>\n\t\t\t\t\t\t\t<span class='e-n-accordion-item-title-icon'>\n\t\t\t<span class='e-opened' ><svg aria-hidden=\"true\" class=\"e-font-icon-svg e-fas-minus\" viewBox=\"0 0 448 512\" xmlns=\"http:\/\/www.w3.org\/2000\/svg\"><path d=\"M416 208H32c-17.67 0-32 14.33-32 32v32c0 17.67 14.33 32 32 32h384c17.67 0 32-14.33 32-32v-32c0-17.67-14.33-32-32-32z\"><\/path><\/svg><\/span>\n\t\t\t<span class='e-closed'><svg aria-hidden=\"true\" class=\"e-font-icon-svg e-fas-plus\" viewBox=\"0 0 448 512\" xmlns=\"http:\/\/www.w3.org\/2000\/svg\"><path d=\"M416 208H272V64c0-17.67-14.33-32-32-32h-32c-17.67 0-32 14.33-32 32v144H32c-17.67 0-32 14.33-32 32v32c0 17.67 14.33 32 32 32h144v144c0 17.67 14.33 32 32 32h32c17.67 0 32-14.33 32-32V304h144c17.67 0 32-14.33 32-32v-32c0-17.67-14.33-32-32-32z\"><\/path><\/svg><\/span>\n\t\t<\/span>\n\n\t\t\t\t\t\t<\/summary>\n\t\t\t\t<div role=\"region\" aria-labelledby=\"e-n-accordion-item-2310\" class=\"elementor-element elementor-element-0edd820 e-con-full e-flex e-con e-child\" data-id=\"0edd820\" data-element_type=\"container\" data-e-type=\"container\">\n\t\t<div role=\"region\" aria-labelledby=\"e-n-accordion-item-2310\" class=\"elementor-element elementor-element-f2a676b e-con-full e-flex e-con e-child\" data-id=\"f2a676b\" data-element_type=\"container\" data-e-type=\"container\">\n\t\t\t\t<div class=\"elementor-element elementor-element-b6cd5e9 elementor-widget elementor-widget-text-editor\" data-id=\"b6cd5e9\" data-element_type=\"widget\" data-e-type=\"widget\" data-widget_type=\"text-editor.default\">\n\t\t\t\t\t\t\t\t\t<p>Ihre Interessen und das Wohl Ihrer Kinder stehen in meiner kieferorthop\u00e4dischen Praxis immer an erster Stelle. Aus diesem Grund gehen wir gemeinsam auf ihr individuelles Anliegen ein und er\u00f6rtern im Zuge dessen das weitere Vorgehen und die bestm\u00f6gliche Behandlung.<\/p>\t\t\t\t\t\t\t\t<\/div>\n\t\t\t\t<\/div>\n\t\t<div role=\"region\" aria-labelledby=\"e-n-accordion-item-2310\" class=\"elementor-element elementor-element-6576bc4 e-con-full e-flex e-con e-child\" data-id=\"6576bc4\" data-element_type=\"container\" data-e-type=\"container\">\n\t\t\t\t<div class=\"elementor-element elementor-element-0d8a3d8 elementor-widget elementor-widget-image\" data-id=\"0d8a3d8\" data-element_type=\"widget\" data-e-type=\"widget\" data-widget_type=\"image.default\">\n\t\t\t\t\t\t\t\t\t\t\t\t\t\t\t<img fetchpriority=\"high\" decoding=\"async\" width=\"300\" height=\"200\" src=\"https:\/\/beautiful-beaver.65-21-239-225.plesk.page\/wp-content\/uploads\/2025\/12\/DSCF6513-300x200.jpg\" class=\"attachment-medium size-medium wp-image-33\" alt=\"\" srcset=\"https:\/\/beautiful-beaver.65-21-239-225.plesk.page\/wp-content\/uploads\/2025\/12\/DSCF6513-300x200.jpg 300w, https:\/\/beautiful-beaver.65-21-239-225.plesk.page\/wp-content\/uploads\/2025\/12\/DSCF6513-1024x683.jpg 1024w, https:\/\/beautiful-beaver.65-21-239-225.plesk.page\/wp-content\/uploads\/2025\/12\/DSCF6513-768x512.jpg 768w, https:\/\/beautiful-beaver.65-21-239-225.plesk.page\/wp-content\/uploads\/2025\/12\/DSCF6513-1536x1024.jpg 1536w, https:\/\/beautiful-beaver.65-21-239-225.plesk.page\/wp-content\/uploads\/2025\/12\/DSCF6513-2048x1365.jpg 2048w\" sizes=\"(max-width: 300px) 100vw, 300px\" \/>\t\t\t\t\t\t\t\t\t\t\t\t\t\t\t<\/div>\n\t\t\t\t<\/div>\n\t\t\t\t<\/div>\n\t\t\t\t\t<\/details>\n\t\t\t\t\t\t<details id=\"e-n-accordion-item-2311\" class=\"e-n-accordion-item\" >\n\t\t\t\t<summary class=\"e-n-accordion-item-title\" data-accordion-index=\"2\" tabindex=\"-1\" aria-expanded=\"false\" aria-controls=\"e-n-accordion-item-2311\" >\n\t\t\t\t\t<span class='e-n-accordion-item-title-header'><div class=\"e-n-accordion-item-title-text\"> 2. Eingehende Untersuchung  <\/div><\/span>\n\t\t\t\t\t\t\t<span class='e-n-accordion-item-title-icon'>\n\t\t\t<span class='e-opened' ><svg aria-hidden=\"true\" class=\"e-font-icon-svg e-fas-minus\" viewBox=\"0 0 448 512\" xmlns=\"http:\/\/www.w3.org\/2000\/svg\"><path d=\"M416 208H32c-17.67 0-32 14.33-32 32v32c0 17.67 14.33 32 32 32h384c17.67 0 32-14.33 32-32v-32c0-17.67-14.33-32-32-32z\"><\/path><\/svg><\/span>\n\t\t\t<span class='e-closed'><svg aria-hidden=\"true\" class=\"e-font-icon-svg e-fas-plus\" viewBox=\"0 0 448 512\" xmlns=\"http:\/\/www.w3.org\/2000\/svg\"><path d=\"M416 208H272V64c0-17.67-14.33-32-32-32h-32c-17.67 0-32 14.33-32 32v144H32c-17.67 0-32 14.33-32 32v32c0 17.67 14.33 32 32 32h144v144c0 17.67 14.33 32 32 32h32c17.67 0 32-14.33 32-32V304h144c17.67 0 32-14.33 32-32v-32c0-17.67-14.33-32-32-32z\"><\/path><\/svg><\/span>\n\t\t<\/span>\n\n\t\t\t\t\t\t<\/summary>\n\t\t\t\t<div role=\"region\" aria-labelledby=\"e-n-accordion-item-2311\" class=\"elementor-element elementor-element-f45c9e1 e-con-full e-flex e-con e-child\" data-id=\"f45c9e1\" data-element_type=\"container\" data-e-type=\"container\">\n\t\t<div role=\"region\" aria-labelledby=\"e-n-accordion-item-2311\" class=\"elementor-element elementor-element-38548fc e-con-full e-flex e-con e-child\" data-id=\"38548fc\" data-element_type=\"container\" data-e-type=\"container\">\n\t\t\t\t<div class=\"elementor-element elementor-element-9b660ad elementor-widget elementor-widget-text-editor\" data-id=\"9b660ad\" data-element_type=\"widget\" data-e-type=\"widget\" data-widget_type=\"text-editor.default\">\n\t\t\t\t\t\t\t\t\t<p>Mein Behandlungskonzept basiert auf dem Ergebnis umfassender Untersuchungen. F\u00fcr mich steht eine genaue und sorgf\u00e4ltige Diagnose im Vordergrund, um mit hoher Qualit\u00e4t die kieferorthop\u00e4dischen Therapie m\u00f6glichst schnell zum gew\u00fcnschten Erfolg f\u00fchren zu k\u00f6nnen.<\/p><p>Ich erhebe detaillierte Befunde als Teil der Vorbereitung f\u00fcr Ihren (oder den Ihres Kindes) Behandlungsplan. Es werden kieferorthop\u00e4dische Planungsunterlagen (zueinander gelenkharmonisch eingeschlagene Modelle der Zahnb\u00f6gen, Fotos von Kopf und Z\u00e4hnen, R\u00f6ntgenbilder sowie eine genaue Profilanalyse nach Dr. LFA Andrews) angefertigt.<\/p><p>Auf Basis der Ausarbeitung der erhobenen Daten bez\u00fcglich der medizinischen und zahnmedizinischen Anamnese und den Untersuchungsergebnissen der Zahn- und Kieferstellung, sowie der Kiefergelenke erarbeite ich den f\u00fcr Sie oder Ihr Kind geeigneten Behandlungsplan aus.<\/p>\t\t\t\t\t\t\t\t<\/div>\n\t\t\t\t<\/div>\n\t\t<div role=\"region\" aria-labelledby=\"e-n-accordion-item-2311\" class=\"elementor-element elementor-element-e9693b3 e-con-full e-flex e-con e-child\" data-id=\"e9693b3\" data-element_type=\"container\" data-e-type=\"container\">\n\t\t\t\t<div class=\"elementor-element elementor-element-7577e21 elementor-widget elementor-widget-image\" data-id=\"7577e21\" data-element_type=\"widget\" data-e-type=\"widget\" data-widget_type=\"image.default\">\n\t\t\t\t\t\t\t\t\t\t\t\t\t\t\t<img decoding=\"async\" width=\"1024\" height=\"683\" src=\"https:\/\/beautiful-beaver.65-21-239-225.plesk.page\/wp-content\/uploads\/2025\/12\/DSCF6837-1024x683.jpg\" class=\"attachment-large size-large wp-image-51\" alt=\"\" srcset=\"https:\/\/beautiful-beaver.65-21-239-225.plesk.page\/wp-content\/uploads\/2025\/12\/DSCF6837-1024x683.jpg 1024w, https:\/\/beautiful-beaver.65-21-239-225.plesk.page\/wp-content\/uploads\/2025\/12\/DSCF6837-300x200.jpg 300w, https:\/\/beautiful-beaver.65-21-239-225.plesk.page\/wp-content\/uploads\/2025\/12\/DSCF6837-768x512.jpg 768w, https:\/\/beautiful-beaver.65-21-239-225.plesk.page\/wp-content\/uploads\/2025\/12\/DSCF6837-1536x1024.jpg 1536w, https:\/\/beautiful-beaver.65-21-239-225.plesk.page\/wp-content\/uploads\/2025\/12\/DSCF6837-2048x1365.jpg 2048w\" sizes=\"(max-width: 1024px) 100vw, 1024px\" \/>\t\t\t\t\t\t\t\t\t\t\t\t\t\t\t<\/div>\n\t\t\t\t<\/div>\n\t\t\t\t<\/div>\n\t\t\t\t\t<\/details>\n\t\t\t\t\t\t<details id=\"e-n-accordion-item-2312\" class=\"e-n-accordion-item\" >\n\t\t\t\t<summary class=\"e-n-accordion-item-title\" data-accordion-index=\"3\" tabindex=\"-1\" aria-expanded=\"false\" aria-controls=\"e-n-accordion-item-2312\" >\n\t\t\t\t\t<span class='e-n-accordion-item-title-header'><div class=\"e-n-accordion-item-title-text\"> 3. Ausf\u00fchrliche Besprechung <\/div><\/span>\n\t\t\t\t\t\t\t<span class='e-n-accordion-item-title-icon'>\n\t\t\t<span class='e-opened' ><svg aria-hidden=\"true\" class=\"e-font-icon-svg e-fas-minus\" viewBox=\"0 0 448 512\" xmlns=\"http:\/\/www.w3.org\/2000\/svg\"><path d=\"M416 208H32c-17.67 0-32 14.33-32 32v32c0 17.67 14.33 32 32 32h384c17.67 0 32-14.33 32-32v-32c0-17.67-14.33-32-32-32z\"><\/path><\/svg><\/span>\n\t\t\t<span class='e-closed'><svg aria-hidden=\"true\" class=\"e-font-icon-svg e-fas-plus\" viewBox=\"0 0 448 512\" xmlns=\"http:\/\/www.w3.org\/2000\/svg\"><path d=\"M416 208H272V64c0-17.67-14.33-32-32-32h-32c-17.67 0-32 14.33-32 32v144H32c-17.67 0-32 14.33-32 32v32c0 17.67 14.33 32 32 32h144v144c0 17.67 14.33 32 32 32h32c17.67 0 32-14.33 32-32V304h144c17.67 0 32-14.33 32-32v-32c0-17.67-14.33-32-32-32z\"><\/path><\/svg><\/span>\n\t\t<\/span>\n\n\t\t\t\t\t\t<\/summary>\n\t\t\t\t<div role=\"region\" aria-labelledby=\"e-n-accordion-item-2312\" class=\"elementor-element elementor-element-e0a0649 e-con-full e-flex e-con e-child\" data-id=\"e0a0649\" data-element_type=\"container\" data-e-type=\"container\">\n\t\t<div role=\"region\" aria-labelledby=\"e-n-accordion-item-2312\" class=\"elementor-element elementor-element-8fba389 e-con-full e-flex e-con e-child\" data-id=\"8fba389\" data-element_type=\"container\" data-e-type=\"container\">\n\t\t\t\t<div class=\"elementor-element elementor-element-e4be206 elementor-widget elementor-widget-text-editor\" data-id=\"e4be206\" data-element_type=\"widget\" data-e-type=\"widget\" data-widget_type=\"text-editor.default\">\n\t\t\t\t\t\t\t\t\t<p>Nach einer genauen Analyse findet eine <strong>gemeinsame Besprechung <\/strong>statt, in welcher Ihnen bzw. Ihrem Kind verschiedene kieferorthop\u00e4dische Behandlungswege in Hinblick auf eine Zahnspange bzw. Kieferregulierung pr\u00e4sentiert werden. Gemeinsam legen wir eine f\u00fcr Sie oder Ihr Kind individuell optimale Therapie zum\u00a0Einsatz einer Zahnspange fest, welche sich von einer Idealtherapie bis hin zu einer \u201eLight Variante\u201c (eine Kompromissbehandlung mit minimalen Zahnfehlstellungskorrekturen, welche die subjektiven St\u00f6rfaktoren beseitigt, aber innerhalb der biologischen Grenzen liegt) unterscheiden kann.<\/p><p>Es ist mir ein Anliegen, Sie als Patient umfassend und gewissenhaft zu informieren und in die gemeinsame Entscheidungsfindung einzubinden!<\/p>\t\t\t\t\t\t\t\t<\/div>\n\t\t\t\t<\/div>\n\t\t<div role=\"region\" aria-labelledby=\"e-n-accordion-item-2312\" class=\"elementor-element elementor-element-e352bc1 e-con-full e-flex e-con e-child\" data-id=\"e352bc1\" data-element_type=\"container\" data-e-type=\"container\">\n\t\t\t\t<div class=\"elementor-element elementor-element-3ccf68d elementor-widget elementor-widget-image\" data-id=\"3ccf68d\" data-element_type=\"widget\" data-e-type=\"widget\" data-widget_type=\"image.default\">\n\t\t\t\t\t\t\t\t\t\t\t\t\t\t\t<img decoding=\"async\" width=\"1024\" height=\"683\" src=\"https:\/\/beautiful-beaver.65-21-239-225.plesk.page\/wp-content\/uploads\/2025\/12\/DSCF6513-1024x683.jpg\" class=\"attachment-large size-large wp-image-33\" alt=\"\" srcset=\"https:\/\/beautiful-beaver.65-21-239-225.plesk.page\/wp-content\/uploads\/2025\/12\/DSCF6513-1024x683.jpg 1024w, https:\/\/beautiful-beaver.65-21-239-225.plesk.page\/wp-content\/uploads\/2025\/12\/DSCF6513-300x200.jpg 300w, https:\/\/beautiful-beaver.65-21-239-225.plesk.page\/wp-content\/uploads\/2025\/12\/DSCF6513-768x512.jpg 768w, https:\/\/beautiful-beaver.65-21-239-225.plesk.page\/wp-content\/uploads\/2025\/12\/DSCF6513-1536x1024.jpg 1536w, https:\/\/beautiful-beaver.65-21-239-225.plesk.page\/wp-content\/uploads\/2025\/12\/DSCF6513-2048x1365.jpg 2048w\" sizes=\"(max-width: 1024px) 100vw, 1024px\" \/>\t\t\t\t\t\t\t\t\t\t\t\t\t\t\t<\/div>\n\t\t\t\t<\/div>\n\t\t\t\t<\/div>\n\t\t\t\t\t<\/details>\n\t\t\t\t\t\t<details id=\"e-n-accordion-item-2313\" class=\"e-n-accordion-item\" >\n\t\t\t\t<summary class=\"e-n-accordion-item-title\" data-accordion-index=\"4\" tabindex=\"-1\" aria-expanded=\"false\" aria-controls=\"e-n-accordion-item-2313\" >\n\t\t\t\t\t<span class='e-n-accordion-item-title-header'><div class=\"e-n-accordion-item-title-text\"> 4. Behandlungsphase <\/div><\/span>\n\t\t\t\t\t\t\t<span class='e-n-accordion-item-title-icon'>\n\t\t\t<span class='e-opened' ><svg aria-hidden=\"true\" class=\"e-font-icon-svg e-fas-minus\" viewBox=\"0 0 448 512\" xmlns=\"http:\/\/www.w3.org\/2000\/svg\"><path d=\"M416 208H32c-17.67 0-32 14.33-32 32v32c0 17.67 14.33 32 32 32h384c17.67 0 32-14.33 32-32v-32c0-17.67-14.33-32-32-32z\"><\/path><\/svg><\/span>\n\t\t\t<span class='e-closed'><svg aria-hidden=\"true\" class=\"e-font-icon-svg e-fas-plus\" viewBox=\"0 0 448 512\" xmlns=\"http:\/\/www.w3.org\/2000\/svg\"><path d=\"M416 208H272V64c0-17.67-14.33-32-32-32h-32c-17.67 0-32 14.33-32 32v144H32c-17.67 0-32 14.33-32 32v32c0 17.67 14.33 32 32 32h144v144c0 17.67 14.33 32 32 32h32c17.67 0 32-14.33 32-32V304h144c17.67 0 32-14.33 32-32v-32c0-17.67-14.33-32-32-32z\"><\/path><\/svg><\/span>\n\t\t<\/span>\n\n\t\t\t\t\t\t<\/summary>\n\t\t\t\t<div role=\"region\" aria-labelledby=\"e-n-accordion-item-2313\" class=\"elementor-element elementor-element-16a77fa e-flex e-con-boxed e-con e-child\" data-id=\"16a77fa\" data-element_type=\"container\" data-e-type=\"container\">\n\t\t\t\t\t<div class=\"e-con-inner\">\n\t\t<div role=\"region\" aria-labelledby=\"e-n-accordion-item-2313\" class=\"elementor-element elementor-element-841bca5 e-con-full e-flex e-con e-child\" data-id=\"841bca5\" data-element_type=\"container\" data-e-type=\"container\">\n\t\t\t\t<div class=\"elementor-element elementor-element-94e465c elementor-widget elementor-widget-text-editor\" data-id=\"94e465c\" data-element_type=\"widget\" data-e-type=\"widget\" data-widget_type=\"text-editor.default\">\n\t\t\t\t\t\t\t\t\t<p>Die kieferorthop\u00e4dische Behandlung wird in der Regel so gestaltet, dass sie in m\u00f6glichst kurzer Zeit schonend und effizient zum Erfolg f\u00fchrt. Die Gesamtbehandlungsdauer h\u00e4ngt selbstverst\u00e4ndlich vom Umfang der Behandlung ab. In der aktiven Behandlungszeit vereinbaren wir uns regelm\u00e4\u00dfig alle 4 bis 6 Wochen Kontrolltermine in unserer Praxis.<\/p>\t\t\t\t\t\t\t\t<\/div>\n\t\t\t\t<\/div>\n\t\t<div role=\"region\" aria-labelledby=\"e-n-accordion-item-2313\" class=\"elementor-element elementor-element-9b9ed1f e-con-full e-flex e-con e-child\" data-id=\"9b9ed1f\" data-element_type=\"container\" data-e-type=\"container\">\n\t\t\t\t<div class=\"elementor-element elementor-element-2a8eb47 elementor-widget elementor-widget-image\" data-id=\"2a8eb47\" data-element_type=\"widget\" data-e-type=\"widget\" data-widget_type=\"image.default\">\n\t\t\t\t\t\t\t\t\t\t\t\t\t\t\t<img loading=\"lazy\" decoding=\"async\" width=\"1024\" height=\"683\" src=\"https:\/\/beautiful-beaver.65-21-239-225.plesk.page\/wp-content\/uploads\/2025\/12\/DSCF6805-1024x683.jpg\" class=\"attachment-large size-large wp-image-49\" alt=\"\" srcset=\"https:\/\/beautiful-beaver.65-21-239-225.plesk.page\/wp-content\/uploads\/2025\/12\/DSCF6805-1024x683.jpg 1024w, https:\/\/beautiful-beaver.65-21-239-225.plesk.page\/wp-content\/uploads\/2025\/12\/DSCF6805-300x200.jpg 300w, https:\/\/beautiful-beaver.65-21-239-225.plesk.page\/wp-content\/uploads\/2025\/12\/DSCF6805-768x512.jpg 768w, https:\/\/beautiful-beaver.65-21-239-225.plesk.page\/wp-content\/uploads\/2025\/12\/DSCF6805-1536x1024.jpg 1536w, https:\/\/beautiful-beaver.65-21-239-225.plesk.page\/wp-content\/uploads\/2025\/12\/DSCF6805-2048x1365.jpg 2048w\" sizes=\"(max-width: 1024px) 100vw, 1024px\" \/>\t\t\t\t\t\t\t\t\t\t\t\t\t\t\t<\/div>\n\t\t\t\t<\/div>\n\t\t\t\t\t<\/div>\n\t\t\t\t<\/div>\n\t\t\t\t\t<\/details>\n\t\t\t\t\t\t<details id=\"e-n-accordion-item-2314\" class=\"e-n-accordion-item\" >\n\t\t\t\t<summary class=\"e-n-accordion-item-title\" data-accordion-index=\"5\" tabindex=\"-1\" aria-expanded=\"false\" aria-controls=\"e-n-accordion-item-2314\" >\n\t\t\t\t\t<span class='e-n-accordion-item-title-header'><div class=\"e-n-accordion-item-title-text\"> 5. Stabilisierung <\/div><\/span>\n\t\t\t\t\t\t\t<span class='e-n-accordion-item-title-icon'>\n\t\t\t<span class='e-opened' ><svg aria-hidden=\"true\" class=\"e-font-icon-svg e-fas-minus\" viewBox=\"0 0 448 512\" xmlns=\"http:\/\/www.w3.org\/2000\/svg\"><path d=\"M416 208H32c-17.67 0-32 14.33-32 32v32c0 17.67 14.33 32 32 32h384c17.67 0 32-14.33 32-32v-32c0-17.67-14.33-32-32-32z\"><\/path><\/svg><\/span>\n\t\t\t<span class='e-closed'><svg aria-hidden=\"true\" class=\"e-font-icon-svg e-fas-plus\" viewBox=\"0 0 448 512\" xmlns=\"http:\/\/www.w3.org\/2000\/svg\"><path d=\"M416 208H272V64c0-17.67-14.33-32-32-32h-32c-17.67 0-32 14.33-32 32v144H32c-17.67 0-32 14.33-32 32v32c0 17.67 14.33 32 32 32h144v144c0 17.67 14.33 32 32 32h32c17.67 0 32-14.33 32-32V304h144c17.67 0 32-14.33 32-32v-32c0-17.67-14.33-32-32-32z\"><\/path><\/svg><\/span>\n\t\t<\/span>\n\n\t\t\t\t\t\t<\/summary>\n\t\t\t\t<div role=\"region\" aria-labelledby=\"e-n-accordion-item-2314\" class=\"elementor-element elementor-element-ea874b1 e-flex e-con-boxed e-con e-child\" data-id=\"ea874b1\" data-element_type=\"container\" data-e-type=\"container\">\n\t\t\t\t\t<div class=\"e-con-inner\">\n\t\t<div role=\"region\" aria-labelledby=\"e-n-accordion-item-2314\" class=\"elementor-element elementor-element-3864713 e-con-full e-flex e-con e-child\" data-id=\"3864713\" data-element_type=\"container\" data-e-type=\"container\">\n\t\t\t\t<div class=\"elementor-element elementor-element-2206c2d elementor-widget elementor-widget-text-editor\" data-id=\"2206c2d\" data-element_type=\"widget\" data-e-type=\"widget\" data-widget_type=\"text-editor.default\">\n\t\t\t\t\t\t\t\t\t<p>In der sogenannten <strong>Retentionsphase<\/strong> stabilisieren wir das in der aktiven Behandlungszeit erreichte Ergebnis. Die Abst\u00e4nde zwischen den Kontrollterminen werden immer gr\u00f6\u00dfer.\u00a0<\/p>\t\t\t\t\t\t\t\t<\/div>\n\t\t\t\t<\/div>\n\t\t<div role=\"region\" aria-labelledby=\"e-n-accordion-item-2314\" class=\"elementor-element elementor-element-420f458 e-con-full e-flex e-con e-child\" data-id=\"420f458\" data-element_type=\"container\" data-e-type=\"container\">\n\t\t\t\t<div class=\"elementor-element elementor-element-ddd9842 elementor-widget elementor-widget-image\" data-id=\"ddd9842\" data-element_type=\"widget\" data-e-type=\"widget\" data-widget_type=\"image.default\">\n\t\t\t\t\t\t\t\t\t\t\t\t\t\t\t<img loading=\"lazy\" decoding=\"async\" width=\"1024\" height=\"683\" src=\"https:\/\/beautiful-beaver.65-21-239-225.plesk.page\/wp-content\/uploads\/2025\/12\/DSCF6842-1024x683.jpg\" class=\"attachment-large size-large wp-image-52\" alt=\"\" srcset=\"https:\/\/beautiful-beaver.65-21-239-225.plesk.page\/wp-content\/uploads\/2025\/12\/DSCF6842-1024x683.jpg 1024w, https:\/\/beautiful-beaver.65-21-239-225.plesk.page\/wp-content\/uploads\/2025\/12\/DSCF6842-300x200.jpg 300w, https:\/\/beautiful-beaver.65-21-239-225.plesk.page\/wp-content\/uploads\/2025\/12\/DSCF6842-768x512.jpg 768w, https:\/\/beautiful-beaver.65-21-239-225.plesk.page\/wp-content\/uploads\/2025\/12\/DSCF6842-1536x1024.jpg 1536w, https:\/\/beautiful-beaver.65-21-239-225.plesk.page\/wp-content\/uploads\/2025\/12\/DSCF6842-2048x1365.jpg 2048w\" sizes=\"(max-width: 1024px) 100vw, 1024px\" \/>\t\t\t\t\t\t\t\t\t\t\t\t\t\t\t<\/div>\n\t\t\t\t<\/div>\n\t\t\t\t\t<\/div>\n\t\t\t\t<\/div>\n\t\t\t\t\t<\/details>\n\t\t\t\t\t<\/div>\n\t\t\t\t\t\t<\/div>\n\t\t\t\t\t<\/div>\n\t\t\t\t<\/div>\n\t\t\t\t<\/div>\n\t\t","protected":false},"excerpt":{"rendered":"<p>Behandlungsablauf Schritt f\u00fcr Schritt mit dem richtigen Biss zu einem strahlenden L\u00e4cheln. Ich sehe meine verantwortungsvolle Aufgabe in der Kieferorthop\u00e4die darin, Ihnen einen guten und&#8230;<\/p>\n<div class=\"more-link-wrapper\"><a class=\"more-link\" href=\"https:\/\/beautiful-beaver.65-21-239-225.plesk.page\/index.php\/behandlungsablauf\/\">Weiterlesen<span class=\"screen-reader-text\">Behandlungsablauf<\/span><\/a><\/div>\n","protected":false},"author":2,"featured_media":0,"parent":0,"menu_order":0,"comment_status":"closed","ping_status":"closed","template":"","meta":{"iawp_total_views":0,"footnotes":""},"class_list":["post-76","page","type-page","status-publish","hentry","entry"],"_links":{"self":[{"href":"https:\/\/beautiful-beaver.65-21-239-225.plesk.page\/index.php\/wp-json\/wp\/v2\/pages\/76","targetHints":{"allow":["GET"]}}],"collection":[{"href":"https:\/\/beautiful-beaver.65-21-239-225.plesk.page\/index.php\/wp-json\/wp\/v2\/pages"}],"about":[{"href":"https:\/\/beautiful-beaver.65-21-239-225.plesk.page\/index.php\/wp-json\/wp\/v2\/types\/page"}],"author":[{"embeddable":true,"href":"https:\/\/beautiful-beaver.65-21-239-225.plesk.page\/index.php\/wp-json\/wp\/v2\/users\/2"}],"replies":[{"embeddable":true,"href":"https:\/\/beautiful-beaver.65-21-239-225.plesk.page\/index.php\/wp-json\/wp\/v2\/comments?post=76"}],"version-history":[{"count":2,"href":"https:\/\/beautiful-beaver.65-21-239-225.plesk.page\/index.php\/wp-json\/wp\/v2\/pages\/76\/revisions"}],"predecessor-version":[{"id":80,"href":"https:\/\/beautiful-beaver.65-21-239-225.plesk.page\/index.php\/wp-json\/wp\/v2\/pages\/76\/revisions\/80"}],"wp:attachment":[{"href":"https:\/\/beautiful-beaver.65-21-239-225.plesk.page\/index.php\/wp-json\/wp\/v2\/media?parent=76"}],"curies":[{"name":"wp","href":"https:\/\/api.w.org\/{rel}","templated":true}]}}