{"id":81,"date":"2025-12-11T09:57:34","date_gmt":"2025-12-11T09:57:34","guid":{"rendered":"https:\/\/beautiful-beaver.65-21-239-225.plesk.page\/?page_id=81"},"modified":"2025-12-11T10:01:13","modified_gmt":"2025-12-11T10:01:13","slug":"kosten","status":"publish","type":"page","link":"https:\/\/beautiful-beaver.65-21-239-225.plesk.page\/index.php\/kosten\/","title":{"rendered":"Kosten und Kostenr\u00fcckerstattung"},"content":{"rendered":"\t\t<div data-elementor-type=\"wp-page\" data-elementor-id=\"81\" class=\"elementor elementor-81\" data-elementor-post-type=\"page\">\n\t\t\t\t<div class=\"elementor-element elementor-element-592b1ca e-flex e-con-boxed e-con e-parent\" data-id=\"592b1ca\" data-element_type=\"container\" data-e-type=\"container\">\n\t\t\t\t\t<div class=\"e-con-inner\">\n\t\t\t\t<div class=\"elementor-element elementor-element-8933bb2 elementor-widget elementor-widget-heading\" data-id=\"8933bb2\" data-element_type=\"widget\" data-e-type=\"widget\" data-widget_type=\"heading.default\">\n\t\t\t\t\t<h2 class=\"elementor-heading-title elementor-size-default\">Kosten und Kostenr\u00fcckerstattung<\/h2>\t\t\t\t<\/div>\n\t\t\t\t<div class=\"elementor-element elementor-element-1c92e42 elementor-widget elementor-widget-text-editor\" data-id=\"1c92e42\" data-element_type=\"widget\" data-e-type=\"widget\" data-widget_type=\"text-editor.default\">\n\t\t\t\t\t\t\t\t\t<div class=\"content-wrapper\"><section class=\"main-content\" role=\"main\"><div id=\"kosten\" class=\"mod_article first last block\"><div class=\"centered-wrapper ce_rsce_tao_centered_wrapper_start first \"><div class=\"centered-wrapper-inner\"><div class=\"rs-columns ce_rs_columns_start\"><div class=\"ce_rs_column_start  rs-column -large-col-2-1 -large-first -large-first-row -medium-col-2-1 -medium-first -medium-first-row -small-col-1-1 -small-first -small-last -small-first-row\"><div class=\"ce_text block\"><p>Die genauen Kosten einer Zahnspange h\u00e4ngen von der Art und Dauer der notwendigen Behandlung ab.<\/p><p>Wir haben uns mit der Preisgestaltung der autonomen Honorarrichtlinien der Zahn\u00e4rztekammer angepasst und liegen sogar in einigen Bereichen darunter.<\/p><p>Man kann sowohl f\u00fcr herausnehmbare, als auch f\u00fcr festsitzende Zahnspangen Zusch\u00fcsse von der Gesundheitskasse beantragen. \u00dcber alle M\u00f6glichkeiten informieren wir Sie gerne in einem pers\u00f6nlichen Gespr\u00e4ch.<\/p><p>F\u00fcr Kinder und Jugendliche unter 18 mit gravierenden Fehlstellungen der Stufen vier und f\u00fcnf (IOTN 4 oder 5) besteht <strong>Anspruch auf R\u00fcckerstattung durch die Gesundheitskasse<\/strong>. Ob dieser Anspruch vorliegt, kann meist schon bei der Erstberatung festgestellt werden.<\/p><\/div><\/div><div class=\"ce_rs_column_start  rs-column -large-col-2-1 -large-last -large-first-row -medium-col-2-1 -medium-last -medium-first-row -small-col-1-1 -small-first -small-last\"><div class=\"ce_text block\"><p>\u00a0<\/p><p><strong>Als von allen Krankenkassen anerkannte kieferorthop\u00e4dische <\/strong><strong>Wahlarztpraxis (gleiche Qualit\u00e4ts\u00fcberpr\u00fcfung die auch Kassenkieferorthop\u00e4den abgelegt haben) bieten wir die Kassenzahnspange an.<\/strong><\/p><p><strong>Das bedeutet, Sie bekommen 80% des Kassentarifes zur\u00fcckerstattet.<\/strong><\/p><p>Unser Honorar ist als Pauschalsumme zu verstehen und umfasst die gesamte kieferorthop\u00e4dische Behandlung, alle Reparaturen, sowie die Fixierungsma\u00dfnahmen und Halteapparaturen nach Beendigung der aktiven Behandlung.<\/p><p>Beachten Sie zudem die Voraussetzungen zur Kostenerstattung f\u00fcr kieferorthop\u00e4dische Leistungen auf der Homepage: <a href=\"https:\/\/www.gesundheitskasse.at\" target=\"_blank\" rel=\"noopener\">https:\/\/www.gesundheitskasse.at<\/a>.<\/p><\/div><\/div><\/div><\/div><\/div><\/div><\/section><\/div>\t\t\t\t\t\t\t\t<\/div>\n\t\t\t\t\t<\/div>\n\t\t\t\t<\/div>\n\t\t\t\t<\/div>\n\t\t","protected":false},"excerpt":{"rendered":"<p>Kosten und Kostenr\u00fcckerstattung Die genauen Kosten einer Zahnspange h\u00e4ngen von der Art und Dauer der notwendigen Behandlung ab. Wir haben uns mit der Preisgestaltung der&#8230;<\/p>\n<div class=\"more-link-wrapper\"><a class=\"more-link\" href=\"https:\/\/beautiful-beaver.65-21-239-225.plesk.page\/index.php\/kosten\/\">Weiterlesen<span class=\"screen-reader-text\">Kosten und Kostenr\u00fcckerstattung<\/span><\/a><\/div>\n","protected":false},"author":2,"featured_media":0,"parent":0,"menu_order":0,"comment_status":"closed","ping_status":"closed","template":"","meta":{"iawp_total_views":0,"footnotes":""},"class_list":["post-81","page","type-page","status-publish","hentry","entry"],"_links":{"self":[{"href":"https:\/\/beautiful-beaver.65-21-239-225.plesk.page\/index.php\/wp-json\/wp\/v2\/pages\/81","targetHints":{"allow":["GET"]}}],"collection":[{"href":"https:\/\/beautiful-beaver.65-21-239-225.plesk.page\/index.php\/wp-json\/wp\/v2\/pages"}],"about":[{"href":"https:\/\/beautiful-beaver.65-21-239-225.plesk.page\/index.php\/wp-json\/wp\/v2\/types\/page"}],"author":[{"embeddable":true,"href":"https:\/\/beautiful-beaver.65-21-239-225.plesk.page\/index.php\/wp-json\/wp\/v2\/users\/2"}],"replies":[{"embeddable":true,"href":"https:\/\/beautiful-beaver.65-21-239-225.plesk.page\/index.php\/wp-json\/wp\/v2\/comments?post=81"}],"version-history":[{"count":2,"href":"https:\/\/beautiful-beaver.65-21-239-225.plesk.page\/index.php\/wp-json\/wp\/v2\/pages\/81\/revisions"}],"predecessor-version":[{"id":86,"href":"https:\/\/beautiful-beaver.65-21-239-225.plesk.page\/index.php\/wp-json\/wp\/v2\/pages\/81\/revisions\/86"}],"wp:attachment":[{"href":"https:\/\/beautiful-beaver.65-21-239-225.plesk.page\/index.php\/wp-json\/wp\/v2\/media?parent=81"}],"curies":[{"name":"wp","href":"https:\/\/api.w.org\/{rel}","templated":true}]}}