{"id":87,"date":"2025-12-11T10:01:33","date_gmt":"2025-12-11T10:01:33","guid":{"rendered":"https:\/\/beautiful-beaver.65-21-239-225.plesk.page\/?page_id=87"},"modified":"2025-12-11T14:18:25","modified_gmt":"2025-12-11T14:18:25","slug":"zahnspangen-abc","status":"publish","type":"page","link":"https:\/\/beautiful-beaver.65-21-239-225.plesk.page\/index.php\/zahnspangen-abc\/","title":{"rendered":"Zahnspangen ABC"},"content":{"rendered":"\t\t<div data-elementor-type=\"wp-page\" data-elementor-id=\"87\" class=\"elementor elementor-87\" data-elementor-post-type=\"page\">\n\t\t\t\t<div class=\"elementor-element elementor-element-07272e1 e-flex e-con-boxed e-con e-parent\" data-id=\"07272e1\" data-element_type=\"container\" data-e-type=\"container\">\n\t\t\t\t\t<div class=\"e-con-inner\">\n\t\t\t\t<div class=\"elementor-element elementor-element-679bc06 elementor-widget elementor-widget-heading\" data-id=\"679bc06\" data-element_type=\"widget\" data-e-type=\"widget\" data-widget_type=\"heading.default\">\n\t\t\t\t\t<h2 class=\"elementor-heading-title elementor-size-default\">Zahnspangen ABC<\/h2>\t\t\t\t<\/div>\n\t\t\t\t<div class=\"elementor-element elementor-element-f177ba0 elementor-widget elementor-widget-text-editor\" data-id=\"f177ba0\" data-element_type=\"widget\" data-e-type=\"widget\" data-widget_type=\"text-editor.default\">\n\t\t\t\t\t\t\t\t\t<p>Grunds\u00e4tzlich unterscheidet man zwischen <strong>abnehmbaren <\/strong>und <strong>festsitzenden Zahnspangen<\/strong>. Des weiteren k\u00f6nnen auch durch abnehmbare, <strong>durchsichtige Kunststoffschienen<\/strong> (sogenannte Aligner) Fehlstellungen beseitigt werden. Die Indikation f\u00fcr diese Therapiema\u00dfnahme muss jedoch ausgew\u00e4hlt gestellt werden und eignet sich vorrangig f\u00fcr kleinere Korrekturen von Zahnfehlstellungen.<\/p>\t\t\t\t\t\t\t\t<\/div>\n\t\t\t\t\t<\/div>\n\t\t\t\t<\/div>\n\t\t<div class=\"elementor-element elementor-element-388cc31 e-flex e-con-boxed e-con e-parent\" data-id=\"388cc31\" data-element_type=\"container\" data-e-type=\"container\">\n\t\t\t\t\t<div class=\"e-con-inner\">\n\t\t<div class=\"elementor-element elementor-element-39abdec e-con-full e-flex e-con e-child\" data-id=\"39abdec\" data-element_type=\"container\" data-e-type=\"container\">\n\t\t\t\t<div class=\"elementor-element elementor-element-27a9707 elementor-flip-box--direction-right elementor-flip-box--effect-flip elementor-widget elementor-widget-flip-box\" data-id=\"27a9707\" data-element_type=\"widget\" data-e-type=\"widget\" data-widget_type=\"flip-box.default\">\n\t\t\t\t\t\t\t<div class=\"elementor-flip-box\" tabindex=\"0\">\n\t\t\t<div class=\"elementor-flip-box__layer elementor-flip-box__front\">\n\t\t\t\t<div class=\"elementor-flip-box__layer__overlay\">\n\t\t\t\t\t<div class=\"elementor-flip-box__layer__inner\">\n\t\t\t\t\t\t\t\t\t\t\t\t\t<div class=\"elementor-icon-wrapper elementor-view-default\">\n\t\t\t\t\t\t\t\t<div class=\"elementor-icon\">\n\t\t\t\t\t\t\t\t\t<svg aria-hidden=\"true\" class=\"e-font-icon-svg e-fas-child\" viewBox=\"0 0 384 512\" xmlns=\"http:\/\/www.w3.org\/2000\/svg\"><path d=\"M120 72c0-39.765 32.235-72 72-72s72 32.235 72 72c0 39.764-32.235 72-72 72s-72-32.236-72-72zm254.627 1.373c-12.496-12.497-32.758-12.497-45.254 0L242.745 160H141.254L54.627 73.373c-12.496-12.497-32.758-12.497-45.254 0-12.497 12.497-12.497 32.758 0 45.255L104 213.254V480c0 17.673 14.327 32 32 32h16c17.673 0 32-14.327 32-32V368h16v112c0 17.673 14.327 32 32 32h16c17.673 0 32-14.327 32-32V213.254l94.627-94.627c12.497-12.497 12.497-32.757 0-45.254z\"><\/path><\/svg>\t\t\t\t\t\t\t\t<\/div>\n\t\t\t\t\t\t\t<\/div>\n\t\t\t\t\t\t\n\t\t\t\t\t\t\t\t\t\t\t\t\t<h3 class=\"elementor-flip-box__layer__title\">\n\t\t\t\t\t\t\t\tBei Kindern\t\t\t\t\t\t\t<\/h3>\n\t\t\t\t\t\t\n\t\t\t\t\t\t\t\t\t\t\t<\/div>\n\t\t\t\t<\/div>\n\t\t\t<\/div>\n\t\t\t<div class=\"elementor-flip-box__layer elementor-flip-box__back\">\n\t\t\t<div class=\"elementor-flip-box__layer__overlay\">\n\t\t\t\t<div class=\"elementor-flip-box__layer__inner\">\n\t\t\t\t\t\n\t\t\t\t\t\t\t\t\t\t\t<div class=\"elementor-flip-box__layer__description\">\n\t\t\t\t\t\t\twird im Regelfall mit der Behandlung mittels einer festsitzenden Zahnspange im Alter von etwa 12 Jahren (wenn alle bleibenden Z\u00e4hne durchgebrochen sind) begonnen. Es empfiehlt sich, aber schon vorher zur kieferorthop\u00e4dischen Kontrolle zu kommen, da in ausgew\u00e4hlten F\u00e4llen mit einer abnehmbaren Zahnspange das Wachstum positiv beeinflusst werden kann und sich die Behandlung so auf 2 Phasen aufteilt.\t\t\t\t\t\t<\/div>\n\t\t\t\t\t\n\t\t\t\t\t\t\t\t<\/div>\n\t\t<\/div>\n\t\t<\/div>\n\t\t<\/div>\n\t\t\t\t\t\t<\/div>\n\t\t\t\t<\/div>\n\t\t<div class=\"elementor-element elementor-element-6747132 e-con-full e-flex e-con e-child\" data-id=\"6747132\" data-element_type=\"container\" data-e-type=\"container\">\n\t\t\t\t<div class=\"elementor-element elementor-element-0e3bf4c elementor-flip-box--direction-right elementor-flip-box--effect-flip elementor-widget elementor-widget-flip-box\" data-id=\"0e3bf4c\" data-element_type=\"widget\" data-e-type=\"widget\" data-widget_type=\"flip-box.default\">\n\t\t\t\t\t\t\t<div class=\"elementor-flip-box\" tabindex=\"0\">\n\t\t\t<div class=\"elementor-flip-box__layer elementor-flip-box__front\">\n\t\t\t\t<div class=\"elementor-flip-box__layer__overlay\">\n\t\t\t\t\t<div class=\"elementor-flip-box__layer__inner\">\n\t\t\t\t\t\t\t\t\t\t\t\t\t<div class=\"elementor-icon-wrapper elementor-view-default\">\n\t\t\t\t\t\t\t\t<div class=\"elementor-icon\">\n\t\t\t\t\t\t\t\t\t<svg aria-hidden=\"true\" class=\"e-font-icon-svg e-far-user\" viewBox=\"0 0 448 512\" xmlns=\"http:\/\/www.w3.org\/2000\/svg\"><path d=\"M313.6 304c-28.7 0-42.5 16-89.6 16-47.1 0-60.8-16-89.6-16C60.2 304 0 364.2 0 438.4V464c0 26.5 21.5 48 48 48h352c26.5 0 48-21.5 48-48v-25.6c0-74.2-60.2-134.4-134.4-134.4zM400 464H48v-25.6c0-47.6 38.8-86.4 86.4-86.4 14.6 0 38.3 16 89.6 16 51.7 0 74.9-16 89.6-16 47.6 0 86.4 38.8 86.4 86.4V464zM224 288c79.5 0 144-64.5 144-144S303.5 0 224 0 80 64.5 80 144s64.5 144 144 144zm0-240c52.9 0 96 43.1 96 96s-43.1 96-96 96-96-43.1-96-96 43.1-96 96-96z\"><\/path><\/svg>\t\t\t\t\t\t\t\t<\/div>\n\t\t\t\t\t\t\t<\/div>\n\t\t\t\t\t\t\n\t\t\t\t\t\t\t\t\t\t\t\t\t<h3 class=\"elementor-flip-box__layer__title\">\n\t\t\t\t\t\t\t\tBei Erwachsenen\t\t\t\t\t\t\t<\/h3>\n\t\t\t\t\t\t\n\t\t\t\t\t\t\t\t\t\t\t<\/div>\n\t\t\t\t<\/div>\n\t\t\t<\/div>\n\t\t\t<div class=\"elementor-flip-box__layer elementor-flip-box__back\">\n\t\t\t<div class=\"elementor-flip-box__layer__overlay\">\n\t\t\t\t<div class=\"elementor-flip-box__layer__inner\">\n\t\t\t\t\t\t\t\t\t\t\t<h3 class=\"elementor-flip-box__layer__title\">\n\t\t\t\t\t\t\tBei Erwachsenen\t\t\t\t\t\t<\/h3>\n\t\t\t\t\t\n\t\t\t\t\t\t\t\t\t\t\t<div class=\"elementor-flip-box__layer__description\">\n\t\t\t\t\t\t\tIm Erwachsenenalter kommen haupts\u00e4chlich festsitzende Zahnspangen zum Einsatz. Liegt eine zu gro\u00dfe Diskrepanz zwischen den Kieferknochen vor, kann man die Fehlstellung nur mit einer Zahnspange oftmals nicht zufriedenstellen korrigieren. Da aber das nat\u00fcrliche Wachstum schon abgeschlossen ist, kann in besonderen F\u00e4llen eine kieferchirugische Behandlung zum Einsatz kommen.\nMundhygiene\n\nEine korrekt durchgef\u00fchrte Mundhygiene ist das \u201eA\u201c und \u201eO\u201c einer erfolgreichen kieferorthop\u00e4dischen Behandlung, wodurch Sch\u00e4den an den Z\u00e4hnen durch Kariesbildung so gut wie ausgeschlossen werden k\u00f6nnen. Eine Zahnspange beg\u00fcnstigt die Anlagerung von Speiseresten, weshalb unsere Patienten eine genaue Schulung \u00fcber die notwendige Zahnpflege erhalten. Sobald die Mitarbeit von Seiten des Patienten unzureichend ist, muss die Behandlung unterbrochen werden!\nKontrolltermine\n\nDie Kontrolltermine f\u00fcr Zahnsspangen sollten nach M\u00f6glichkeit gewissenhaft eingehalten werden (ca. alle 4-6 Wochen). Regelm\u00e4\u00dfige Kontrollen gew\u00e4hrleisten eine m\u00f6glichst kurze Behandlungszeit und reduziert nachweisbar das Risiko auf Kariesbildung.\nBehandlungsdauer\n\nEine genaue Prognose der gesamten Behandlungsdauer kann erst nach einer eingehenden Analyse der Planungsunterlagen erstellt werden. Die Erfahrung weist eine durchschnittliche Behandlungsdauer von ca. 2-3 Jahren auf, welche abh\u00e4ngig vom Schweregrad der Fehlstellung, der Mitarbeit des Patienten sowie der Reaktionsgeschwindigkeit der eigenen K\u00f6rperumbauvorg\u00e4nge ist.\nDas Retentionsger\u00e4t\n\nNach Abschluss der kieferorthop\u00e4dischen Behandlung kommt ein sogenanntes \u201eRetentionsger\u00e4t\u201c (Retention=Halten) zum Einsatz, welches Ihr perfektes L\u00e4cheln langfristig garantiert. Dieses kann entweder eine abnehmbare Zahnspange f\u00fcr die Nacht oder ein fixer Retainer (ein d\u00fcnner, permanent an der Innenseite der Z\u00e4hne befestigter Draht) sein.\t\t\t\t\t\t<\/div>\n\t\t\t\t\t\n\t\t\t\t\t\t\t\t<\/div>\n\t\t<\/div>\n\t\t<\/div>\n\t\t<\/div>\n\t\t\t\t\t\t<\/div>\n\t\t\t\t<\/div>\n\t\t<div class=\"elementor-element elementor-element-0d6da0f e-con-full e-flex e-con e-child\" data-id=\"0d6da0f\" data-element_type=\"container\" data-e-type=\"container\">\n\t\t\t\t<div class=\"elementor-element elementor-element-ea59ef7 elementor-flip-box--direction-right elementor-flip-box--effect-flip elementor-widget elementor-widget-flip-box\" data-id=\"ea59ef7\" data-element_type=\"widget\" data-e-type=\"widget\" data-widget_type=\"flip-box.default\">\n\t\t\t\t\t\t\t<div class=\"elementor-flip-box\" tabindex=\"0\">\n\t\t\t<div class=\"elementor-flip-box__layer elementor-flip-box__front\">\n\t\t\t\t<div class=\"elementor-flip-box__layer__overlay\">\n\t\t\t\t\t<div class=\"elementor-flip-box__layer__inner\">\n\t\t\t\t\t\t\t\t\t\t\t\t\t<div class=\"elementor-icon-wrapper elementor-view-default\">\n\t\t\t\t\t\t\t\t<div class=\"elementor-icon\">\n\t\t\t\t\t\t\t\t\t<svg aria-hidden=\"true\" class=\"e-font-icon-svg e-fas-leaf\" viewBox=\"0 0 576 512\" xmlns=\"http:\/\/www.w3.org\/2000\/svg\"><path d=\"M546.2 9.7c-5.6-12.5-21.6-13-28.3-1.2C486.9 62.4 431.4 96 368 96h-80C182 96 96 182 96 288c0 7 .8 13.7 1.5 20.5C161.3 262.8 253.4 224 384 224c8.8 0 16 7.2 16 16s-7.2 16-16 16C132.6 256 26 410.1 2.4 468c-6.6 16.3 1.2 34.9 17.5 41.6 16.4 6.8 35-1.1 41.8-17.3 1.5-3.6 20.9-47.9 71.9-90.6 32.4 43.9 94 85.8 174.9 77.2C465.5 467.5 576 326.7 576 154.3c0-50.2-10.8-102.2-29.8-144.6z\"><\/path><\/svg>\t\t\t\t\t\t\t\t<\/div>\n\t\t\t\t\t\t\t<\/div>\n\t\t\t\t\t\t\n\t\t\t\t\t\t\t\t\t\t\t\t\t<h3 class=\"elementor-flip-box__layer__title\">\n\t\t\t\t\t\t\t\tMundhygiene\t\t\t\t\t\t\t<\/h3>\n\t\t\t\t\t\t\n\t\t\t\t\t\t\t\t\t\t\t<\/div>\n\t\t\t\t<\/div>\n\t\t\t<\/div>\n\t\t\t<div class=\"elementor-flip-box__layer elementor-flip-box__back\">\n\t\t\t<div class=\"elementor-flip-box__layer__overlay\">\n\t\t\t\t<div class=\"elementor-flip-box__layer__inner\">\n\t\t\t\t\t\n\t\t\t\t\t\t\t\t\t\t\t<div class=\"elementor-flip-box__layer__description\">\n\t\t\t\t\t\t\tEine korrekt durchgef\u00fchrte Mundhygiene ist das \u201eA\u201c und \u201eO\u201c einer erfolgreichen kieferorthop\u00e4dischen Behandlung, wodurch Sch\u00e4den an den Z\u00e4hnen durch Kariesbildung so gut wie ausgeschlossen werden k\u00f6nnen. Eine Zahnspange beg\u00fcnstigt die Anlagerung von Speiseresten, weshalb unsere Patienten eine genaue Schulung \u00fcber die notwendige Zahnpflege erhalten. Sobald die Mitarbeit von Seiten des Patienten unzureichend ist, muss die Behandlung unterbrochen werden!\t\t\t\t\t\t<\/div>\n\t\t\t\t\t\n\t\t\t\t\t\t\t\t<\/div>\n\t\t<\/div>\n\t\t<\/div>\n\t\t<\/div>\n\t\t\t\t\t\t<\/div>\n\t\t\t\t<\/div>\n\t\t<div class=\"elementor-element elementor-element-302a128 e-con-full e-flex e-con e-child\" data-id=\"302a128\" data-element_type=\"container\" data-e-type=\"container\">\n\t\t\t\t<div class=\"elementor-element elementor-element-fb21a59 elementor-flip-box--direction-right elementor-flip-box--effect-flip elementor-widget elementor-widget-flip-box\" data-id=\"fb21a59\" data-element_type=\"widget\" data-e-type=\"widget\" data-widget_type=\"flip-box.default\">\n\t\t\t\t\t\t\t<div class=\"elementor-flip-box\" tabindex=\"0\">\n\t\t\t<div class=\"elementor-flip-box__layer elementor-flip-box__front\">\n\t\t\t\t<div class=\"elementor-flip-box__layer__overlay\">\n\t\t\t\t\t<div class=\"elementor-flip-box__layer__inner\">\n\t\t\t\t\t\t\t\t\t\t\t\t\t<div class=\"elementor-icon-wrapper elementor-view-default\">\n\t\t\t\t\t\t\t\t<div class=\"elementor-icon\">\n\t\t\t\t\t\t\t\t\t<svg aria-hidden=\"true\" class=\"e-font-icon-svg e-far-clipboard\" viewBox=\"0 0 384 512\" xmlns=\"http:\/\/www.w3.org\/2000\/svg\"><path d=\"M336 64h-80c0-35.3-28.7-64-64-64s-64 28.7-64 64H48C21.5 64 0 85.5 0 112v352c0 26.5 21.5 48 48 48h288c26.5 0 48-21.5 48-48V112c0-26.5-21.5-48-48-48zM192 40c13.3 0 24 10.7 24 24s-10.7 24-24 24-24-10.7-24-24 10.7-24 24-24zm144 418c0 3.3-2.7 6-6 6H54c-3.3 0-6-2.7-6-6V118c0-3.3 2.7-6 6-6h42v36c0 6.6 5.4 12 12 12h168c6.6 0 12-5.4 12-12v-36h42c3.3 0 6 2.7 6 6z\"><\/path><\/svg>\t\t\t\t\t\t\t\t<\/div>\n\t\t\t\t\t\t\t<\/div>\n\t\t\t\t\t\t\n\t\t\t\t\t\t\t\t\t\t\t\t\t<h3 class=\"elementor-flip-box__layer__title\">\n\t\t\t\t\t\t\t\tKontrolltermine\t\t\t\t\t\t\t<\/h3>\n\t\t\t\t\t\t\n\t\t\t\t\t\t\t\t\t\t\t<\/div>\n\t\t\t\t<\/div>\n\t\t\t<\/div>\n\t\t\t<div class=\"elementor-flip-box__layer elementor-flip-box__back\">\n\t\t\t<div class=\"elementor-flip-box__layer__overlay\">\n\t\t\t\t<div class=\"elementor-flip-box__layer__inner\">\n\t\t\t\t\t\n\t\t\t\t\t\t\t\t\t\t\t<div class=\"elementor-flip-box__layer__description\">\n\t\t\t\t\t\t\tDie Kontrolltermine f\u00fcr Zahnsspangen sollten nach M\u00f6glichkeit gewissenhaft eingehalten werden (ca. alle 4-6 Wochen). Regelm\u00e4\u00dfige Kontrollen gew\u00e4hrleisten eine m\u00f6glichst kurze Behandlungszeit und reduziert nachweisbar das Risiko auf Kariesbildung.\t\t\t\t\t\t<\/div>\n\t\t\t\t\t\n\t\t\t\t\t\t\t\t<\/div>\n\t\t<\/div>\n\t\t<\/div>\n\t\t<\/div>\n\t\t\t\t\t\t<\/div>\n\t\t\t\t<\/div>\n\t\t<div class=\"elementor-element elementor-element-862f35b e-con-full e-flex e-con e-child\" data-id=\"862f35b\" data-element_type=\"container\" data-e-type=\"container\">\n\t\t\t\t<div class=\"elementor-element elementor-element-beaf9e6 elementor-flip-box--direction-right elementor-flip-box--effect-flip elementor-widget elementor-widget-flip-box\" data-id=\"beaf9e6\" data-element_type=\"widget\" data-e-type=\"widget\" data-widget_type=\"flip-box.default\">\n\t\t\t\t\t\t\t<div class=\"elementor-flip-box\" tabindex=\"0\">\n\t\t\t<div class=\"elementor-flip-box__layer elementor-flip-box__front\">\n\t\t\t\t<div class=\"elementor-flip-box__layer__overlay\">\n\t\t\t\t\t<div class=\"elementor-flip-box__layer__inner\">\n\t\t\t\t\t\t\t\t\t\t\t\t\t<div class=\"elementor-icon-wrapper elementor-view-default\">\n\t\t\t\t\t\t\t\t<div class=\"elementor-icon\">\n\t\t\t\t\t\t\t\t\t<svg aria-hidden=\"true\" class=\"e-font-icon-svg e-far-calendar-alt\" viewBox=\"0 0 448 512\" xmlns=\"http:\/\/www.w3.org\/2000\/svg\"><path d=\"M148 288h-40c-6.6 0-12-5.4-12-12v-40c0-6.6 5.4-12 12-12h40c6.6 0 12 5.4 12 12v40c0 6.6-5.4 12-12 12zm108-12v-40c0-6.6-5.4-12-12-12h-40c-6.6 0-12 5.4-12 12v40c0 6.6 5.4 12 12 12h40c6.6 0 12-5.4 12-12zm96 0v-40c0-6.6-5.4-12-12-12h-40c-6.6 0-12 5.4-12 12v40c0 6.6 5.4 12 12 12h40c6.6 0 12-5.4 12-12zm-96 96v-40c0-6.6-5.4-12-12-12h-40c-6.6 0-12 5.4-12 12v40c0 6.6 5.4 12 12 12h40c6.6 0 12-5.4 12-12zm-96 0v-40c0-6.6-5.4-12-12-12h-40c-6.6 0-12 5.4-12 12v40c0 6.6 5.4 12 12 12h40c6.6 0 12-5.4 12-12zm192 0v-40c0-6.6-5.4-12-12-12h-40c-6.6 0-12 5.4-12 12v40c0 6.6 5.4 12 12 12h40c6.6 0 12-5.4 12-12zm96-260v352c0 26.5-21.5 48-48 48H48c-26.5 0-48-21.5-48-48V112c0-26.5 21.5-48 48-48h48V12c0-6.6 5.4-12 12-12h40c6.6 0 12 5.4 12 12v52h128V12c0-6.6 5.4-12 12-12h40c6.6 0 12 5.4 12 12v52h48c26.5 0 48 21.5 48 48zm-48 346V160H48v298c0 3.3 2.7 6 6 6h340c3.3 0 6-2.7 6-6z\"><\/path><\/svg>\t\t\t\t\t\t\t\t<\/div>\n\t\t\t\t\t\t\t<\/div>\n\t\t\t\t\t\t\n\t\t\t\t\t\t\t\t\t\t\t\t\t<h3 class=\"elementor-flip-box__layer__title\">\n\t\t\t\t\t\t\t\tBehandlungsdauer\t\t\t\t\t\t\t<\/h3>\n\t\t\t\t\t\t\n\t\t\t\t\t\t\t\t\t\t\t<\/div>\n\t\t\t\t<\/div>\n\t\t\t<\/div>\n\t\t\t<div class=\"elementor-flip-box__layer elementor-flip-box__back\">\n\t\t\t<div class=\"elementor-flip-box__layer__overlay\">\n\t\t\t\t<div class=\"elementor-flip-box__layer__inner\">\n\t\t\t\t\t\n\t\t\t\t\t\t\t\t\t\t\t<div class=\"elementor-flip-box__layer__description\">\n\t\t\t\t\t\t\tEine genaue Prognose der gesamten Behandlungsdauer kann erst nach einer eingehenden Analyse der Planungsunterlagen erstellt werden. Die Erfahrung weist eine durchschnittliche Behandlungsdauer von ca. 2-3 Jahren auf, welche abh\u00e4ngig vom Schweregrad der Fehlstellung, der Mitarbeit des Patienten sowie der Reaktionsgeschwindigkeit der eigenen K\u00f6rperumbauvorg\u00e4nge ist.\t\t\t\t\t\t<\/div>\n\t\t\t\t\t\n\t\t\t\t\t\t\t\t<\/div>\n\t\t<\/div>\n\t\t<\/div>\n\t\t<\/div>\n\t\t\t\t\t\t<\/div>\n\t\t\t\t<\/div>\n\t\t<div class=\"elementor-element elementor-element-1ba9e8d e-con-full e-flex e-con e-child\" data-id=\"1ba9e8d\" data-element_type=\"container\" data-e-type=\"container\">\n\t\t\t\t<div class=\"elementor-element elementor-element-fb40ac6 elementor-flip-box--direction-right elementor-flip-box--effect-flip elementor-widget elementor-widget-flip-box\" data-id=\"fb40ac6\" data-element_type=\"widget\" data-e-type=\"widget\" data-widget_type=\"flip-box.default\">\n\t\t\t\t\t\t\t<div class=\"elementor-flip-box\" tabindex=\"0\">\n\t\t\t<div class=\"elementor-flip-box__layer elementor-flip-box__front\">\n\t\t\t\t<div class=\"elementor-flip-box__layer__overlay\">\n\t\t\t\t\t<div class=\"elementor-flip-box__layer__inner\">\n\t\t\t\t\t\t\t\t\t\t\t\t\t<div class=\"elementor-icon-wrapper elementor-view-default\">\n\t\t\t\t\t\t\t\t<div class=\"elementor-icon\">\n\t\t\t\t\t\t\t\t\t<svg aria-hidden=\"true\" class=\"e-font-icon-svg e-fas-star\" viewBox=\"0 0 576 512\" xmlns=\"http:\/\/www.w3.org\/2000\/svg\"><path d=\"M259.3 17.8L194 150.2 47.9 171.5c-26.2 3.8-36.7 36.1-17.7 54.6l105.7 103-25 145.5c-4.5 26.3 23.2 46 46.4 33.7L288 439.6l130.7 68.7c23.2 12.2 50.9-7.4 46.4-33.7l-25-145.5 105.7-103c19-18.5 8.5-50.8-17.7-54.6L382 150.2 316.7 17.8c-11.7-23.6-45.6-23.9-57.4 0z\"><\/path><\/svg>\t\t\t\t\t\t\t\t<\/div>\n\t\t\t\t\t\t\t<\/div>\n\t\t\t\t\t\t\n\t\t\t\t\t\t\t\t\t\t\t\t\t<h3 class=\"elementor-flip-box__layer__title\">\n\t\t\t\t\t\t\t\tDas Retentionsger\u00e4t\t\t\t\t\t\t\t<\/h3>\n\t\t\t\t\t\t\n\t\t\t\t\t\t\t\t\t\t\t<\/div>\n\t\t\t\t<\/div>\n\t\t\t<\/div>\n\t\t\t<div class=\"elementor-flip-box__layer elementor-flip-box__back\">\n\t\t\t<div class=\"elementor-flip-box__layer__overlay\">\n\t\t\t\t<div class=\"elementor-flip-box__layer__inner\">\n\t\t\t\t\t\n\t\t\t\t\t\t\t\t\t\t\t<div class=\"elementor-flip-box__layer__description\">\n\t\t\t\t\t\t\tNach Abschluss der kieferorthop\u00e4dischen Behandlung kommt ein sogenanntes \u201eRetentionsger\u00e4t\u201c (Retention=Halten) zum Einsatz, welches Ihr perfektes L\u00e4cheln langfristig garantiert. Dieses kann entweder eine abnehmbare Zahnspange f\u00fcr die Nacht oder ein fixer Retainer (ein d\u00fcnner, permanent an der Innenseite der Z\u00e4hne befestigter Draht) sein.\t\t\t\t\t\t<\/div>\n\t\t\t\t\t\n\t\t\t\t\t\t\t\t<\/div>\n\t\t<\/div>\n\t\t<\/div>\n\t\t<\/div>\n\t\t\t\t\t\t<\/div>\n\t\t\t\t<\/div>\n\t\t\t\t\t<\/div>\n\t\t\t\t<\/div>\n\t\t\t\t<\/div>\n\t\t","protected":false},"excerpt":{"rendered":"<p>Zahnspangen ABC Grunds\u00e4tzlich unterscheidet man zwischen abnehmbaren und festsitzenden Zahnspangen. Des weiteren k\u00f6nnen auch durch abnehmbare, durchsichtige Kunststoffschienen (sogenannte Aligner) Fehlstellungen beseitigt werden. Die Indikation&#8230;<\/p>\n<div class=\"more-link-wrapper\"><a class=\"more-link\" href=\"https:\/\/beautiful-beaver.65-21-239-225.plesk.page\/index.php\/zahnspangen-abc\/\">Weiterlesen<span class=\"screen-reader-text\">Zahnspangen ABC<\/span><\/a><\/div>\n","protected":false},"author":2,"featured_media":0,"parent":0,"menu_order":0,"comment_status":"closed","ping_status":"closed","template":"","meta":{"iawp_total_views":0,"footnotes":""},"class_list":["post-87","page","type-page","status-publish","hentry","entry"],"_links":{"self":[{"href":"https:\/\/beautiful-beaver.65-21-239-225.plesk.page\/index.php\/wp-json\/wp\/v2\/pages\/87","targetHints":{"allow":["GET"]}}],"collection":[{"href":"https:\/\/beautiful-beaver.65-21-239-225.plesk.page\/index.php\/wp-json\/wp\/v2\/pages"}],"about":[{"href":"https:\/\/beautiful-beaver.65-21-239-225.plesk.page\/index.php\/wp-json\/wp\/v2\/types\/page"}],"author":[{"embeddable":true,"href":"https:\/\/beautiful-beaver.65-21-239-225.plesk.page\/index.php\/wp-json\/wp\/v2\/users\/2"}],"replies":[{"embeddable":true,"href":"https:\/\/beautiful-beaver.65-21-239-225.plesk.page\/index.php\/wp-json\/wp\/v2\/comments?post=87"}],"version-history":[{"count":2,"href":"https:\/\/beautiful-beaver.65-21-239-225.plesk.page\/index.php\/wp-json\/wp\/v2\/pages\/87\/revisions"}],"predecessor-version":[{"id":111,"href":"https:\/\/beautiful-beaver.65-21-239-225.plesk.page\/index.php\/wp-json\/wp\/v2\/pages\/87\/revisions\/111"}],"wp:attachment":[{"href":"https:\/\/beautiful-beaver.65-21-239-225.plesk.page\/index.php\/wp-json\/wp\/v2\/media?parent=87"}],"curies":[{"name":"wp","href":"https:\/\/api.w.org\/{rel}","templated":true}]}}